{"id":1555,"date":"2024-08-19T18:42:47","date_gmt":"2024-08-19T22:42:47","guid":{"rendered":"https:\/\/maisesporte.ufms.br\/?page_id=1555"},"modified":"2024-08-19T18:42:47","modified_gmt":"2024-08-19T22:42:47","slug":"2024-cidade-universitaria-vivencia-de-karate-para-adultos-programa-academia-escola-31-08","status":"publish","type":"page","link":"https:\/\/maisesporte.ufms.br\/en\/2024-cidade-universitaria-vivencia-de-karate-para-adultos-programa-academia-escola-31-08\/","title":{"rendered":"2024 &#8211; Cidade universit\u00e1ria &#8211; Viv\u00eancia de Karat\u00ea para adultos: Programa Academia Escola 31\/08"},"content":{"rendered":"\n","protected":false},"excerpt":{"rendered":"","protected":false},"author":72340,"featured_media":0,"parent":0,"menu_order":0,"comment_status":"closed","ping_status":"closed","template":"","meta":{"footnotes":""},"coauthors":[],"class_list":["post-1555","page","type-page","status-publish","hentry"],"_links":{"self":[{"href":"https:\/\/maisesporte.ufms.br\/en\/wp-json\/wp\/v2\/pages\/1555","targetHints":{"allow":["GET"]}}],"collection":[{"href":"https:\/\/maisesporte.ufms.br\/en\/wp-json\/wp\/v2\/pages"}],"about":[{"href":"https:\/\/maisesporte.ufms.br\/en\/wp-json\/wp\/v2\/types\/page"}],"author":[{"embeddable":true,"href":"https:\/\/maisesporte.ufms.br\/en\/wp-json\/wp\/v2\/users\/72340"}],"replies":[{"embeddable":true,"href":"https:\/\/maisesporte.ufms.br\/en\/wp-json\/wp\/v2\/comments?post=1555"}],"version-history":[{"count":1,"href":"https:\/\/maisesporte.ufms.br\/en\/wp-json\/wp\/v2\/pages\/1555\/revisions"}],"predecessor-version":[{"id":1556,"href":"https:\/\/maisesporte.ufms.br\/en\/wp-json\/wp\/v2\/pages\/1555\/revisions\/1556"}],"wp:attachment":[{"href":"https:\/\/maisesporte.ufms.br\/en\/wp-json\/wp\/v2\/media?parent=1555"}],"wp:term":[{"taxonomy":"author","embeddable":true,"href":"https:\/\/maisesporte.ufms.br\/en\/wp-json\/wp\/v2\/coauthors?post=1555"}],"curies":[{"name":"wp","href":"https:\/\/api.w.org\/{rel}","templated":true}]}}