{"id":1620,"date":"2024-08-19T19:04:50","date_gmt":"2024-08-19T23:04:50","guid":{"rendered":"https:\/\/maisesporte.ufms.br\/?page_id=1620"},"modified":"2024-08-19T19:04:50","modified_gmt":"2024-08-19T23:04:50","slug":"2024-cidade-universitaria-avaliacao-da-composicao-corporal-para-todos-projeto-de-extensao-nutricao-esportiva-e-saude-29-08","status":"publish","type":"page","link":"https:\/\/maisesporte.ufms.br\/en\/2024-cidade-universitaria-avaliacao-da-composicao-corporal-para-todos-projeto-de-extensao-nutricao-esportiva-e-saude-29-08\/","title":{"rendered":"2024 &#8211; Cidade universit\u00e1ria &#8211; Avalia\u00e7\u00e3o da Composi\u00e7\u00e3o Corporal para todos: Projeto de Extens\u00e3o Nutri\u00e7\u00e3o Esportiva e Sa\u00fade 29\/08"},"content":{"rendered":"\n","protected":false},"excerpt":{"rendered":"","protected":false},"author":72340,"featured_media":0,"parent":0,"menu_order":0,"comment_status":"closed","ping_status":"closed","template":"","meta":{"footnotes":""},"coauthors":[],"class_list":["post-1620","page","type-page","status-publish","hentry"],"_links":{"self":[{"href":"https:\/\/maisesporte.ufms.br\/en\/wp-json\/wp\/v2\/pages\/1620","targetHints":{"allow":["GET"]}}],"collection":[{"href":"https:\/\/maisesporte.ufms.br\/en\/wp-json\/wp\/v2\/pages"}],"about":[{"href":"https:\/\/maisesporte.ufms.br\/en\/wp-json\/wp\/v2\/types\/page"}],"author":[{"embeddable":true,"href":"https:\/\/maisesporte.ufms.br\/en\/wp-json\/wp\/v2\/users\/72340"}],"replies":[{"embeddable":true,"href":"https:\/\/maisesporte.ufms.br\/en\/wp-json\/wp\/v2\/comments?post=1620"}],"version-history":[{"count":1,"href":"https:\/\/maisesporte.ufms.br\/en\/wp-json\/wp\/v2\/pages\/1620\/revisions"}],"predecessor-version":[{"id":1621,"href":"https:\/\/maisesporte.ufms.br\/en\/wp-json\/wp\/v2\/pages\/1620\/revisions\/1621"}],"wp:attachment":[{"href":"https:\/\/maisesporte.ufms.br\/en\/wp-json\/wp\/v2\/media?parent=1620"}],"wp:term":[{"taxonomy":"author","embeddable":true,"href":"https:\/\/maisesporte.ufms.br\/en\/wp-json\/wp\/v2\/coauthors?post=1620"}],"curies":[{"name":"wp","href":"https:\/\/api.w.org\/{rel}","templated":true}]}}