{"id":1625,"date":"2024-08-19T19:05:45","date_gmt":"2024-08-19T23:05:45","guid":{"rendered":"https:\/\/maisesporte.ufms.br\/?page_id=1625"},"modified":"2024-08-19T19:05:45","modified_gmt":"2024-08-19T23:05:45","slug":"2024-cidade-universitaria-apresentacao-de-karate-com-atletas-de-alto-rendimento-do-estado-de-mato-grosso-do-sul-30-08","status":"publish","type":"page","link":"https:\/\/maisesporte.ufms.br\/en\/2024-cidade-universitaria-apresentacao-de-karate-com-atletas-de-alto-rendimento-do-estado-de-mato-grosso-do-sul-30-08\/","title":{"rendered":"2024 &#8211; Cidade universit\u00e1ria &#8211; Apresenta\u00e7\u00e3o de karat\u00ea com atletas de alto rendimento do Estado de Mato Grosso do Sul 30\/08"},"content":{"rendered":"\n","protected":false},"excerpt":{"rendered":"","protected":false},"author":72340,"featured_media":0,"parent":0,"menu_order":0,"comment_status":"closed","ping_status":"closed","template":"","meta":{"footnotes":""},"coauthors":[],"class_list":["post-1625","page","type-page","status-publish","hentry"],"_links":{"self":[{"href":"https:\/\/maisesporte.ufms.br\/en\/wp-json\/wp\/v2\/pages\/1625","targetHints":{"allow":["GET"]}}],"collection":[{"href":"https:\/\/maisesporte.ufms.br\/en\/wp-json\/wp\/v2\/pages"}],"about":[{"href":"https:\/\/maisesporte.ufms.br\/en\/wp-json\/wp\/v2\/types\/page"}],"author":[{"embeddable":true,"href":"https:\/\/maisesporte.ufms.br\/en\/wp-json\/wp\/v2\/users\/72340"}],"replies":[{"embeddable":true,"href":"https:\/\/maisesporte.ufms.br\/en\/wp-json\/wp\/v2\/comments?post=1625"}],"version-history":[{"count":1,"href":"https:\/\/maisesporte.ufms.br\/en\/wp-json\/wp\/v2\/pages\/1625\/revisions"}],"predecessor-version":[{"id":1626,"href":"https:\/\/maisesporte.ufms.br\/en\/wp-json\/wp\/v2\/pages\/1625\/revisions\/1626"}],"wp:attachment":[{"href":"https:\/\/maisesporte.ufms.br\/en\/wp-json\/wp\/v2\/media?parent=1625"}],"wp:term":[{"taxonomy":"author","embeddable":true,"href":"https:\/\/maisesporte.ufms.br\/en\/wp-json\/wp\/v2\/coauthors?post=1625"}],"curies":[{"name":"wp","href":"https:\/\/api.w.org\/{rel}","templated":true}]}}