{"id":1831,"date":"2024-08-20T15:39:51","date_gmt":"2024-08-20T19:39:51","guid":{"rendered":"https:\/\/maisesporte.ufms.br\/?page_id=1831"},"modified":"2024-08-20T15:47:42","modified_gmt":"2024-08-20T19:47:42","slug":"2024-campus-pantanal-oficina-de-primeiros-socorros-e-prevencao-de-acidentes-na-escola-29-08","status":"publish","type":"page","link":"https:\/\/maisesporte.ufms.br\/en\/2024-campus-pantanal-oficina-de-primeiros-socorros-e-prevencao-de-acidentes-na-escola-29-08\/","title":{"rendered":"2024 &#8211; C\u00e2mpus Pantanal &#8211; Oficina de Primeiros Socorros e preven\u00e7\u00e3o de acidentes na escola 29\/08"},"content":{"rendered":"\n","protected":false},"excerpt":{"rendered":"","protected":false},"author":72340,"featured_media":0,"parent":0,"menu_order":0,"comment_status":"closed","ping_status":"closed","template":"","meta":{"footnotes":""},"coauthors":[],"class_list":["post-1831","page","type-page","status-publish","hentry"],"_links":{"self":[{"href":"https:\/\/maisesporte.ufms.br\/en\/wp-json\/wp\/v2\/pages\/1831","targetHints":{"allow":["GET"]}}],"collection":[{"href":"https:\/\/maisesporte.ufms.br\/en\/wp-json\/wp\/v2\/pages"}],"about":[{"href":"https:\/\/maisesporte.ufms.br\/en\/wp-json\/wp\/v2\/types\/page"}],"author":[{"embeddable":true,"href":"https:\/\/maisesporte.ufms.br\/en\/wp-json\/wp\/v2\/users\/72340"}],"replies":[{"embeddable":true,"href":"https:\/\/maisesporte.ufms.br\/en\/wp-json\/wp\/v2\/comments?post=1831"}],"version-history":[{"count":1,"href":"https:\/\/maisesporte.ufms.br\/en\/wp-json\/wp\/v2\/pages\/1831\/revisions"}],"predecessor-version":[{"id":1832,"href":"https:\/\/maisesporte.ufms.br\/en\/wp-json\/wp\/v2\/pages\/1831\/revisions\/1832"}],"wp:attachment":[{"href":"https:\/\/maisesporte.ufms.br\/en\/wp-json\/wp\/v2\/media?parent=1831"}],"wp:term":[{"taxonomy":"author","embeddable":true,"href":"https:\/\/maisesporte.ufms.br\/en\/wp-json\/wp\/v2\/coauthors?post=1831"}],"curies":[{"name":"wp","href":"https:\/\/api.w.org\/{rel}","templated":true}]}}