{"id":1841,"date":"2024-08-20T15:42:31","date_gmt":"2024-08-20T19:42:31","guid":{"rendered":"https:\/\/maisesporte.ufms.br\/?page_id=1841"},"modified":"2024-08-20T15:45:11","modified_gmt":"2024-08-20T19:45:11","slug":"2024-campus-pantanal-workshop-educacao-fisica-e-os-esportes-de-raquete-28-08","status":"publish","type":"page","link":"https:\/\/maisesporte.ufms.br\/en\/2024-campus-pantanal-workshop-educacao-fisica-e-os-esportes-de-raquete-28-08\/","title":{"rendered":"2024 &#8211; C\u00e2mpus Pantanal &#8211; WORKSHOP: Educa\u00e7\u00e3o F\u00edsica e os Esportes de Raquete 28\/08"},"content":{"rendered":"\n","protected":false},"excerpt":{"rendered":"","protected":false},"author":72340,"featured_media":0,"parent":0,"menu_order":0,"comment_status":"closed","ping_status":"closed","template":"","meta":{"footnotes":""},"coauthors":[],"class_list":["post-1841","page","type-page","status-publish","hentry"],"_links":{"self":[{"href":"https:\/\/maisesporte.ufms.br\/en\/wp-json\/wp\/v2\/pages\/1841","targetHints":{"allow":["GET"]}}],"collection":[{"href":"https:\/\/maisesporte.ufms.br\/en\/wp-json\/wp\/v2\/pages"}],"about":[{"href":"https:\/\/maisesporte.ufms.br\/en\/wp-json\/wp\/v2\/types\/page"}],"author":[{"embeddable":true,"href":"https:\/\/maisesporte.ufms.br\/en\/wp-json\/wp\/v2\/users\/72340"}],"replies":[{"embeddable":true,"href":"https:\/\/maisesporte.ufms.br\/en\/wp-json\/wp\/v2\/comments?post=1841"}],"version-history":[{"count":2,"href":"https:\/\/maisesporte.ufms.br\/en\/wp-json\/wp\/v2\/pages\/1841\/revisions"}],"predecessor-version":[{"id":1843,"href":"https:\/\/maisesporte.ufms.br\/en\/wp-json\/wp\/v2\/pages\/1841\/revisions\/1843"}],"wp:attachment":[{"href":"https:\/\/maisesporte.ufms.br\/en\/wp-json\/wp\/v2\/media?parent=1841"}],"wp:term":[{"taxonomy":"author","embeddable":true,"href":"https:\/\/maisesporte.ufms.br\/en\/wp-json\/wp\/v2\/coauthors?post=1841"}],"curies":[{"name":"wp","href":"https:\/\/api.w.org\/{rel}","templated":true}]}}