{"id":197,"date":"2023-05-10T15:53:06","date_gmt":"2023-05-10T19:53:06","guid":{"rendered":"https:\/\/maisesporte.ufms.br\/?page_id=197"},"modified":"2023-05-10T15:53:06","modified_gmt":"2023-05-10T19:53:06","slug":"2023-sme-23-05-inscricao-academia-festival-futevolei-18h-20h","status":"publish","type":"page","link":"https:\/\/maisesporte.ufms.br\/en\/2023-sme-23-05-inscricao-academia-festival-futevolei-18h-20h\/","title":{"rendered":"2023 SME &#8211; 23\/05 &#8211; Inscri\u00e7\u00e3o Academia &#8211; Festival Futev\u00f4lei 18h-20h"},"content":{"rendered":"<p>Formul\u00e1rio encerrado.<\/p>\n","protected":false},"excerpt":{"rendered":"","protected":false},"author":41066,"featured_media":0,"parent":0,"menu_order":0,"comment_status":"closed","ping_status":"closed","template":"","meta":{"footnotes":""},"coauthors":[],"class_list":["post-197","page","type-page","status-publish","hentry"],"_links":{"self":[{"href":"https:\/\/maisesporte.ufms.br\/en\/wp-json\/wp\/v2\/pages\/197","targetHints":{"allow":["GET"]}}],"collection":[{"href":"https:\/\/maisesporte.ufms.br\/en\/wp-json\/wp\/v2\/pages"}],"about":[{"href":"https:\/\/maisesporte.ufms.br\/en\/wp-json\/wp\/v2\/types\/page"}],"author":[{"embeddable":true,"href":"https:\/\/maisesporte.ufms.br\/en\/wp-json\/wp\/v2\/users\/41066"}],"replies":[{"embeddable":true,"href":"https:\/\/maisesporte.ufms.br\/en\/wp-json\/wp\/v2\/comments?post=197"}],"version-history":[{"count":1,"href":"https:\/\/maisesporte.ufms.br\/en\/wp-json\/wp\/v2\/pages\/197\/revisions"}],"predecessor-version":[{"id":198,"href":"https:\/\/maisesporte.ufms.br\/en\/wp-json\/wp\/v2\/pages\/197\/revisions\/198"}],"wp:attachment":[{"href":"https:\/\/maisesporte.ufms.br\/en\/wp-json\/wp\/v2\/media?parent=197"}],"wp:term":[{"taxonomy":"author","embeddable":true,"href":"https:\/\/maisesporte.ufms.br\/en\/wp-json\/wp\/v2\/coauthors?post=197"}],"curies":[{"name":"wp","href":"https:\/\/api.w.org\/{rel}","templated":true}]}}