{"id":2337,"date":"2024-08-27T14:43:34","date_gmt":"2024-08-27T18:43:34","guid":{"rendered":"https:\/\/maisesporte.ufms.br\/?page_id=2337"},"modified":"2024-08-27T14:43:34","modified_gmt":"2024-08-27T18:43:34","slug":"lista-de-presenca-2024-cidade-universitaria-vivencia-do-taekwondo-programa-esporte-universitario-28-08","status":"publish","type":"page","link":"https:\/\/maisesporte.ufms.br\/en\/lista-de-presenca-2024-cidade-universitaria-vivencia-do-taekwondo-programa-esporte-universitario-28-08\/","title":{"rendered":"Lista de presen\u00e7a &#8211; 2024 &#8211; Cidade universit\u00e1ria &#8211; Viv\u00eancia do Taekwondo: Programa Esporte Universit\u00e1rio 28\/08"},"content":{"rendered":"\n","protected":false},"excerpt":{"rendered":"","protected":false},"author":72340,"featured_media":0,"parent":0,"menu_order":0,"comment_status":"closed","ping_status":"closed","template":"","meta":{"footnotes":""},"coauthors":[],"class_list":["post-2337","page","type-page","status-publish","hentry"],"_links":{"self":[{"href":"https:\/\/maisesporte.ufms.br\/en\/wp-json\/wp\/v2\/pages\/2337","targetHints":{"allow":["GET"]}}],"collection":[{"href":"https:\/\/maisesporte.ufms.br\/en\/wp-json\/wp\/v2\/pages"}],"about":[{"href":"https:\/\/maisesporte.ufms.br\/en\/wp-json\/wp\/v2\/types\/page"}],"author":[{"embeddable":true,"href":"https:\/\/maisesporte.ufms.br\/en\/wp-json\/wp\/v2\/users\/72340"}],"replies":[{"embeddable":true,"href":"https:\/\/maisesporte.ufms.br\/en\/wp-json\/wp\/v2\/comments?post=2337"}],"version-history":[{"count":1,"href":"https:\/\/maisesporte.ufms.br\/en\/wp-json\/wp\/v2\/pages\/2337\/revisions"}],"predecessor-version":[{"id":2338,"href":"https:\/\/maisesporte.ufms.br\/en\/wp-json\/wp\/v2\/pages\/2337\/revisions\/2338"}],"wp:attachment":[{"href":"https:\/\/maisesporte.ufms.br\/en\/wp-json\/wp\/v2\/media?parent=2337"}],"wp:term":[{"taxonomy":"author","embeddable":true,"href":"https:\/\/maisesporte.ufms.br\/en\/wp-json\/wp\/v2\/coauthors?post=2337"}],"curies":[{"name":"wp","href":"https:\/\/api.w.org\/{rel}","templated":true}]}}