{"id":2375,"date":"2024-08-28T09:05:27","date_gmt":"2024-08-28T13:05:27","guid":{"rendered":"https:\/\/maisesporte.ufms.br\/?page_id=2375"},"modified":"2024-08-28T09:05:50","modified_gmt":"2024-08-28T13:05:50","slug":"lista-de-presenca-2024-cidade-universitaria-festival-de-pedagogia-do-esporte-educacao-fisica-licenciatura-28-08","status":"publish","type":"page","link":"https:\/\/maisesporte.ufms.br\/en\/lista-de-presenca-2024-cidade-universitaria-festival-de-pedagogia-do-esporte-educacao-fisica-licenciatura-28-08\/","title":{"rendered":"Lista de presen\u00e7a &#8211; 2024 &#8211; Cidade universit\u00e1ria &#8211; Festival de pedagogia do esporte &#8211; Educa\u00e7\u00e3o F\u00edsica Licenciatura 28\/08"},"content":{"rendered":"\n","protected":false},"excerpt":{"rendered":"","protected":false},"author":72340,"featured_media":0,"parent":0,"menu_order":0,"comment_status":"closed","ping_status":"closed","template":"","meta":{"footnotes":""},"coauthors":[],"class_list":["post-2375","page","type-page","status-publish","hentry"],"_links":{"self":[{"href":"https:\/\/maisesporte.ufms.br\/en\/wp-json\/wp\/v2\/pages\/2375","targetHints":{"allow":["GET"]}}],"collection":[{"href":"https:\/\/maisesporte.ufms.br\/en\/wp-json\/wp\/v2\/pages"}],"about":[{"href":"https:\/\/maisesporte.ufms.br\/en\/wp-json\/wp\/v2\/types\/page"}],"author":[{"embeddable":true,"href":"https:\/\/maisesporte.ufms.br\/en\/wp-json\/wp\/v2\/users\/72340"}],"replies":[{"embeddable":true,"href":"https:\/\/maisesporte.ufms.br\/en\/wp-json\/wp\/v2\/comments?post=2375"}],"version-history":[{"count":1,"href":"https:\/\/maisesporte.ufms.br\/en\/wp-json\/wp\/v2\/pages\/2375\/revisions"}],"predecessor-version":[{"id":2376,"href":"https:\/\/maisesporte.ufms.br\/en\/wp-json\/wp\/v2\/pages\/2375\/revisions\/2376"}],"wp:attachment":[{"href":"https:\/\/maisesporte.ufms.br\/en\/wp-json\/wp\/v2\/media?parent=2375"}],"wp:term":[{"taxonomy":"author","embeddable":true,"href":"https:\/\/maisesporte.ufms.br\/en\/wp-json\/wp\/v2\/coauthors?post=2375"}],"curies":[{"name":"wp","href":"https:\/\/api.w.org\/{rel}","templated":true}]}}