{"id":2388,"date":"2024-08-28T10:44:11","date_gmt":"2024-08-28T14:44:11","guid":{"rendered":"https:\/\/maisesporte.ufms.br\/?page_id=2388"},"modified":"2024-08-28T10:44:11","modified_gmt":"2024-08-28T14:44:11","slug":"lista-de-presenca-2024-cidade-universitaria-vivencia-de-futevolei-projeto-popularizacao-dos-esportes-de-areia-29-08","status":"publish","type":"page","link":"https:\/\/maisesporte.ufms.br\/en\/lista-de-presenca-2024-cidade-universitaria-vivencia-de-futevolei-projeto-popularizacao-dos-esportes-de-areia-29-08\/","title":{"rendered":"Lista de presen\u00e7a &#8211; 2024 &#8211; Cidade universit\u00e1ria &#8211; Viv\u00eancia de Futev\u00f4lei: Projeto Populariza\u00e7\u00e3o dos Esportes de Areia 29\/08"},"content":{"rendered":"\n","protected":false},"excerpt":{"rendered":"","protected":false},"author":72340,"featured_media":0,"parent":0,"menu_order":0,"comment_status":"closed","ping_status":"closed","template":"","meta":{"footnotes":""},"coauthors":[],"class_list":["post-2388","page","type-page","status-publish","hentry"],"_links":{"self":[{"href":"https:\/\/maisesporte.ufms.br\/en\/wp-json\/wp\/v2\/pages\/2388","targetHints":{"allow":["GET"]}}],"collection":[{"href":"https:\/\/maisesporte.ufms.br\/en\/wp-json\/wp\/v2\/pages"}],"about":[{"href":"https:\/\/maisesporte.ufms.br\/en\/wp-json\/wp\/v2\/types\/page"}],"author":[{"embeddable":true,"href":"https:\/\/maisesporte.ufms.br\/en\/wp-json\/wp\/v2\/users\/72340"}],"replies":[{"embeddable":true,"href":"https:\/\/maisesporte.ufms.br\/en\/wp-json\/wp\/v2\/comments?post=2388"}],"version-history":[{"count":1,"href":"https:\/\/maisesporte.ufms.br\/en\/wp-json\/wp\/v2\/pages\/2388\/revisions"}],"predecessor-version":[{"id":2389,"href":"https:\/\/maisesporte.ufms.br\/en\/wp-json\/wp\/v2\/pages\/2388\/revisions\/2389"}],"wp:attachment":[{"href":"https:\/\/maisesporte.ufms.br\/en\/wp-json\/wp\/v2\/media?parent=2388"}],"wp:term":[{"taxonomy":"author","embeddable":true,"href":"https:\/\/maisesporte.ufms.br\/en\/wp-json\/wp\/v2\/coauthors?post=2388"}],"curies":[{"name":"wp","href":"https:\/\/api.w.org\/{rel}","templated":true}]}}