{"id":2503,"date":"2024-08-30T13:45:22","date_gmt":"2024-08-30T17:45:22","guid":{"rendered":"https:\/\/maisesporte.ufms.br\/?page_id=2503"},"modified":"2024-08-30T13:45:22","modified_gmt":"2024-08-30T17:45:22","slug":"lista-de-presenca-2024-campus-pantanal-jogos-universitarios-do-pantanal-jogos-eletronicos-fifa24-31-08","status":"publish","type":"page","link":"https:\/\/maisesporte.ufms.br\/en\/lista-de-presenca-2024-campus-pantanal-jogos-universitarios-do-pantanal-jogos-eletronicos-fifa24-31-08\/","title":{"rendered":"Lista de presen\u00e7a &#8211; 2024 &#8211; C\u00e2mpus Pantanal &#8211; Jogos Universit\u00e1rios do Pantanal &#8211; Jogos Eletr\u00f4nicos FIFA24 31\/08"},"content":{"rendered":"\n","protected":false},"excerpt":{"rendered":"","protected":false},"author":72340,"featured_media":0,"parent":0,"menu_order":0,"comment_status":"closed","ping_status":"closed","template":"","meta":{"footnotes":""},"coauthors":[],"class_list":["post-2503","page","type-page","status-publish","hentry"],"_links":{"self":[{"href":"https:\/\/maisesporte.ufms.br\/en\/wp-json\/wp\/v2\/pages\/2503","targetHints":{"allow":["GET"]}}],"collection":[{"href":"https:\/\/maisesporte.ufms.br\/en\/wp-json\/wp\/v2\/pages"}],"about":[{"href":"https:\/\/maisesporte.ufms.br\/en\/wp-json\/wp\/v2\/types\/page"}],"author":[{"embeddable":true,"href":"https:\/\/maisesporte.ufms.br\/en\/wp-json\/wp\/v2\/users\/72340"}],"replies":[{"embeddable":true,"href":"https:\/\/maisesporte.ufms.br\/en\/wp-json\/wp\/v2\/comments?post=2503"}],"version-history":[{"count":1,"href":"https:\/\/maisesporte.ufms.br\/en\/wp-json\/wp\/v2\/pages\/2503\/revisions"}],"predecessor-version":[{"id":2504,"href":"https:\/\/maisesporte.ufms.br\/en\/wp-json\/wp\/v2\/pages\/2503\/revisions\/2504"}],"wp:attachment":[{"href":"https:\/\/maisesporte.ufms.br\/en\/wp-json\/wp\/v2\/media?parent=2503"}],"wp:term":[{"taxonomy":"author","embeddable":true,"href":"https:\/\/maisesporte.ufms.br\/en\/wp-json\/wp\/v2\/coauthors?post=2503"}],"curies":[{"name":"wp","href":"https:\/\/api.w.org\/{rel}","templated":true}]}}