{"id":2819,"date":"2025-05-12T16:00:27","date_gmt":"2025-05-12T20:00:27","guid":{"rendered":"https:\/\/maisesporte.ufms.br\/?page_id=2819"},"modified":"2025-05-12T16:00:27","modified_gmt":"2025-05-12T20:00:27","slug":"2025-cidade-universitaria-mini-curso-musculacao-aplicada-fundamentos-fisiologicos-e-biomecanicos-da-hipertrofia-20-05","status":"publish","type":"page","link":"https:\/\/maisesporte.ufms.br\/en\/2025-cidade-universitaria-mini-curso-musculacao-aplicada-fundamentos-fisiologicos-e-biomecanicos-da-hipertrofia-20-05\/","title":{"rendered":"2025 &#8211; Cidade universit\u00e1ria &#8211; Mini-Curso &#8211; Muscula\u00e7\u00e3o Aplicada: Fundamentos Fisiol\u00f3gicos e Biomec\u00e2nicos da Hipertrofia &#8211; 20\/05"},"content":{"rendered":"<div class='gf_submission_limit_message'><p>Sorry. This form is no longer accepting new submissions.<\/p><\/div>\n","protected":false},"excerpt":{"rendered":"","protected":false},"author":72340,"featured_media":0,"parent":0,"menu_order":0,"comment_status":"closed","ping_status":"closed","template":"","meta":{"footnotes":""},"coauthors":[13],"class_list":["post-2819","page","type-page","status-publish","hentry"],"_links":{"self":[{"href":"https:\/\/maisesporte.ufms.br\/en\/wp-json\/wp\/v2\/pages\/2819","targetHints":{"allow":["GET"]}}],"collection":[{"href":"https:\/\/maisesporte.ufms.br\/en\/wp-json\/wp\/v2\/pages"}],"about":[{"href":"https:\/\/maisesporte.ufms.br\/en\/wp-json\/wp\/v2\/types\/page"}],"author":[{"embeddable":true,"href":"https:\/\/maisesporte.ufms.br\/en\/wp-json\/wp\/v2\/users\/72340"}],"replies":[{"embeddable":true,"href":"https:\/\/maisesporte.ufms.br\/en\/wp-json\/wp\/v2\/comments?post=2819"}],"version-history":[{"count":1,"href":"https:\/\/maisesporte.ufms.br\/en\/wp-json\/wp\/v2\/pages\/2819\/revisions"}],"predecessor-version":[{"id":2820,"href":"https:\/\/maisesporte.ufms.br\/en\/wp-json\/wp\/v2\/pages\/2819\/revisions\/2820"}],"wp:attachment":[{"href":"https:\/\/maisesporte.ufms.br\/en\/wp-json\/wp\/v2\/media?parent=2819"}],"wp:term":[{"taxonomy":"author","embeddable":true,"href":"https:\/\/maisesporte.ufms.br\/en\/wp-json\/wp\/v2\/coauthors?post=2819"}],"curies":[{"name":"wp","href":"https:\/\/api.w.org\/{rel}","templated":true}]}}