{"id":2829,"date":"2025-05-12T16:12:16","date_gmt":"2025-05-12T20:12:16","guid":{"rendered":"https:\/\/maisesporte.ufms.br\/?page_id=2829"},"modified":"2025-05-12T16:12:16","modified_gmt":"2025-05-12T20:12:16","slug":"2025-cidade-universitaria-minicurso-de-capacitacao-em-ginastica-artistica-feminina-20-05","status":"publish","type":"page","link":"https:\/\/maisesporte.ufms.br\/en\/2025-cidade-universitaria-minicurso-de-capacitacao-em-ginastica-artistica-feminina-20-05\/","title":{"rendered":"2025 &#8211; Cidade universit\u00e1ria &#8211; Minicurso de Capacita\u00e7\u00e3o em Gin\u00e1stica Art\u00edstica Feminina &#8211; 20\/05"},"content":{"rendered":"<div class='gf_submission_limit_message'><p>Sorry. This form is no longer accepting new submissions.<\/p><\/div>\n","protected":false},"excerpt":{"rendered":"","protected":false},"author":72340,"featured_media":0,"parent":0,"menu_order":0,"comment_status":"closed","ping_status":"closed","template":"","meta":{"footnotes":""},"coauthors":[13],"class_list":["post-2829","page","type-page","status-publish","hentry"],"_links":{"self":[{"href":"https:\/\/maisesporte.ufms.br\/en\/wp-json\/wp\/v2\/pages\/2829","targetHints":{"allow":["GET"]}}],"collection":[{"href":"https:\/\/maisesporte.ufms.br\/en\/wp-json\/wp\/v2\/pages"}],"about":[{"href":"https:\/\/maisesporte.ufms.br\/en\/wp-json\/wp\/v2\/types\/page"}],"author":[{"embeddable":true,"href":"https:\/\/maisesporte.ufms.br\/en\/wp-json\/wp\/v2\/users\/72340"}],"replies":[{"embeddable":true,"href":"https:\/\/maisesporte.ufms.br\/en\/wp-json\/wp\/v2\/comments?post=2829"}],"version-history":[{"count":1,"href":"https:\/\/maisesporte.ufms.br\/en\/wp-json\/wp\/v2\/pages\/2829\/revisions"}],"predecessor-version":[{"id":2830,"href":"https:\/\/maisesporte.ufms.br\/en\/wp-json\/wp\/v2\/pages\/2829\/revisions\/2830"}],"wp:attachment":[{"href":"https:\/\/maisesporte.ufms.br\/en\/wp-json\/wp\/v2\/media?parent=2829"}],"wp:term":[{"taxonomy":"author","embeddable":true,"href":"https:\/\/maisesporte.ufms.br\/en\/wp-json\/wp\/v2\/coauthors?post=2829"}],"curies":[{"name":"wp","href":"https:\/\/api.w.org\/{rel}","templated":true}]}}