{"id":2851,"date":"2025-05-12T17:40:53","date_gmt":"2025-05-12T21:40:53","guid":{"rendered":"https:\/\/maisesporte.ufms.br\/?page_id=2851"},"modified":"2025-05-12T17:40:53","modified_gmt":"2025-05-12T21:40:53","slug":"2025-cidade-universitaria-mini-curso-musculacao-aplicada-fundamentos-da-forca-adaptacoes-neurais-e-forca-por-angulos-22-05","status":"publish","type":"page","link":"https:\/\/maisesporte.ufms.br\/en\/2025-cidade-universitaria-mini-curso-musculacao-aplicada-fundamentos-da-forca-adaptacoes-neurais-e-forca-por-angulos-22-05\/","title":{"rendered":"2025 &#8211; Cidade universit\u00e1ria &#8211; Mini-Curso &#8211; Muscula\u00e7\u00e3o Aplicada: Fundamentos da For\u00e7a, Adapta\u00e7\u00f5es Neurais e for\u00e7a por \u00e2ngulos &#8211; 22\/05"},"content":{"rendered":"<div class='gf_submission_limit_message'><p>Sorry. This form is no longer accepting new submissions.<\/p><\/div>\n","protected":false},"excerpt":{"rendered":"","protected":false},"author":72340,"featured_media":0,"parent":0,"menu_order":0,"comment_status":"closed","ping_status":"closed","template":"","meta":{"footnotes":""},"coauthors":[13],"class_list":["post-2851","page","type-page","status-publish","hentry"],"_links":{"self":[{"href":"https:\/\/maisesporte.ufms.br\/en\/wp-json\/wp\/v2\/pages\/2851","targetHints":{"allow":["GET"]}}],"collection":[{"href":"https:\/\/maisesporte.ufms.br\/en\/wp-json\/wp\/v2\/pages"}],"about":[{"href":"https:\/\/maisesporte.ufms.br\/en\/wp-json\/wp\/v2\/types\/page"}],"author":[{"embeddable":true,"href":"https:\/\/maisesporte.ufms.br\/en\/wp-json\/wp\/v2\/users\/72340"}],"replies":[{"embeddable":true,"href":"https:\/\/maisesporte.ufms.br\/en\/wp-json\/wp\/v2\/comments?post=2851"}],"version-history":[{"count":1,"href":"https:\/\/maisesporte.ufms.br\/en\/wp-json\/wp\/v2\/pages\/2851\/revisions"}],"predecessor-version":[{"id":2852,"href":"https:\/\/maisesporte.ufms.br\/en\/wp-json\/wp\/v2\/pages\/2851\/revisions\/2852"}],"wp:attachment":[{"href":"https:\/\/maisesporte.ufms.br\/en\/wp-json\/wp\/v2\/media?parent=2851"}],"wp:term":[{"taxonomy":"author","embeddable":true,"href":"https:\/\/maisesporte.ufms.br\/en\/wp-json\/wp\/v2\/coauthors?post=2851"}],"curies":[{"name":"wp","href":"https:\/\/api.w.org\/{rel}","templated":true}]}}