{"id":2869,"date":"2025-05-12T20:14:38","date_gmt":"2025-05-13T00:14:38","guid":{"rendered":"https:\/\/maisesporte.ufms.br\/?page_id=2869"},"modified":"2025-05-12T20:14:38","modified_gmt":"2025-05-13T00:14:38","slug":"2025-cidade-universitaria-mini-curso-musculacao-aplicada-forca-e-emagrecimento-gasto-calorico-composicao-corporal-e-mitos-da-musculacao-23-05","status":"publish","type":"page","link":"https:\/\/maisesporte.ufms.br\/en\/2025-cidade-universitaria-mini-curso-musculacao-aplicada-forca-e-emagrecimento-gasto-calorico-composicao-corporal-e-mitos-da-musculacao-23-05\/","title":{"rendered":"2025 &#8211; Cidade universit\u00e1ria &#8211; Mini-Curso &#8211; Muscula\u00e7\u00e3o Aplicada: For\u00e7a e emagrecimento, Gasto cal\u00f3rico, composi\u00e7\u00e3o corporal e mitos da muscula\u00e7\u00e3o &#8211; 23\/05"},"content":{"rendered":"<div class='gf_submission_limit_message'><p>Sorry. This form is no longer accepting new submissions.<\/p><\/div>\n","protected":false},"excerpt":{"rendered":"","protected":false},"author":72340,"featured_media":0,"parent":0,"menu_order":0,"comment_status":"closed","ping_status":"closed","template":"","meta":{"footnotes":""},"coauthors":[13],"class_list":["post-2869","page","type-page","status-publish","hentry"],"_links":{"self":[{"href":"https:\/\/maisesporte.ufms.br\/en\/wp-json\/wp\/v2\/pages\/2869","targetHints":{"allow":["GET"]}}],"collection":[{"href":"https:\/\/maisesporte.ufms.br\/en\/wp-json\/wp\/v2\/pages"}],"about":[{"href":"https:\/\/maisesporte.ufms.br\/en\/wp-json\/wp\/v2\/types\/page"}],"author":[{"embeddable":true,"href":"https:\/\/maisesporte.ufms.br\/en\/wp-json\/wp\/v2\/users\/72340"}],"replies":[{"embeddable":true,"href":"https:\/\/maisesporte.ufms.br\/en\/wp-json\/wp\/v2\/comments?post=2869"}],"version-history":[{"count":1,"href":"https:\/\/maisesporte.ufms.br\/en\/wp-json\/wp\/v2\/pages\/2869\/revisions"}],"predecessor-version":[{"id":2870,"href":"https:\/\/maisesporte.ufms.br\/en\/wp-json\/wp\/v2\/pages\/2869\/revisions\/2870"}],"wp:attachment":[{"href":"https:\/\/maisesporte.ufms.br\/en\/wp-json\/wp\/v2\/media?parent=2869"}],"wp:term":[{"taxonomy":"author","embeddable":true,"href":"https:\/\/maisesporte.ufms.br\/en\/wp-json\/wp\/v2\/coauthors?post=2869"}],"curies":[{"name":"wp","href":"https:\/\/api.w.org\/{rel}","templated":true}]}}