{"id":2987,"date":"2025-05-13T15:13:13","date_gmt":"2025-05-13T19:13:13","guid":{"rendered":"https:\/\/maisesporte.ufms.br\/?page_id=2987"},"modified":"2025-05-13T15:13:13","modified_gmt":"2025-05-13T19:13:13","slug":"2025-campus-pantanal-fundamentos-do-futebol-e-futsal-da-iniciacao-ao-alto-rendimento-19-05","status":"publish","type":"page","link":"https:\/\/maisesporte.ufms.br\/en\/2025-campus-pantanal-fundamentos-do-futebol-e-futsal-da-iniciacao-ao-alto-rendimento-19-05\/","title":{"rendered":"2025 &#8211; C\u00e2mpus Pantanal &#8211; Fundamentos do Futebol e Futsal: Da Inicia\u00e7\u00e3o ao\u00a0Alto\u00a0Rendimento &#8211; 19\/05"},"content":{"rendered":"\n","protected":false},"excerpt":{"rendered":"","protected":false},"author":72340,"featured_media":0,"parent":0,"menu_order":0,"comment_status":"closed","ping_status":"closed","template":"","meta":{"footnotes":""},"coauthors":[13],"class_list":["post-2987","page","type-page","status-publish","hentry"],"_links":{"self":[{"href":"https:\/\/maisesporte.ufms.br\/en\/wp-json\/wp\/v2\/pages\/2987","targetHints":{"allow":["GET"]}}],"collection":[{"href":"https:\/\/maisesporte.ufms.br\/en\/wp-json\/wp\/v2\/pages"}],"about":[{"href":"https:\/\/maisesporte.ufms.br\/en\/wp-json\/wp\/v2\/types\/page"}],"author":[{"embeddable":true,"href":"https:\/\/maisesporte.ufms.br\/en\/wp-json\/wp\/v2\/users\/72340"}],"replies":[{"embeddable":true,"href":"https:\/\/maisesporte.ufms.br\/en\/wp-json\/wp\/v2\/comments?post=2987"}],"version-history":[{"count":1,"href":"https:\/\/maisesporte.ufms.br\/en\/wp-json\/wp\/v2\/pages\/2987\/revisions"}],"predecessor-version":[{"id":2988,"href":"https:\/\/maisesporte.ufms.br\/en\/wp-json\/wp\/v2\/pages\/2987\/revisions\/2988"}],"wp:attachment":[{"href":"https:\/\/maisesporte.ufms.br\/en\/wp-json\/wp\/v2\/media?parent=2987"}],"wp:term":[{"taxonomy":"author","embeddable":true,"href":"https:\/\/maisesporte.ufms.br\/en\/wp-json\/wp\/v2\/coauthors?post=2987"}],"curies":[{"name":"wp","href":"https:\/\/api.w.org\/{rel}","templated":true}]}}