{"id":299,"date":"2023-05-11T14:36:04","date_gmt":"2023-05-11T18:36:04","guid":{"rendered":"https:\/\/maisesporte.ufms.br\/?page_id=299"},"modified":"2023-05-11T14:36:04","modified_gmt":"2023-05-11T18:36:04","slug":"2023-sme-23-05-cpar-atividade-funcional-com-professor-de-educacao-fisica-licenciatura-e-bacharel-raphael-xucrute","status":"publish","type":"page","link":"https:\/\/maisesporte.ufms.br\/en\/2023-sme-23-05-cpar-atividade-funcional-com-professor-de-educacao-fisica-licenciatura-e-bacharel-raphael-xucrute\/","title":{"rendered":"2023 SME &#8211; 23\/05 &#8211; CPAR &#8211; Atividade Funcional com Professor de Educa\u00e7\u00e3o F\u00edsica Licenciatura e Bacharel Raphael Xucrute"},"content":{"rendered":"<p>Formul\u00e1rio encerrado.<\/p>\n","protected":false},"excerpt":{"rendered":"","protected":false},"author":41066,"featured_media":0,"parent":0,"menu_order":0,"comment_status":"closed","ping_status":"closed","template":"","meta":{"footnotes":""},"coauthors":[],"class_list":["post-299","page","type-page","status-publish","hentry"],"_links":{"self":[{"href":"https:\/\/maisesporte.ufms.br\/en\/wp-json\/wp\/v2\/pages\/299","targetHints":{"allow":["GET"]}}],"collection":[{"href":"https:\/\/maisesporte.ufms.br\/en\/wp-json\/wp\/v2\/pages"}],"about":[{"href":"https:\/\/maisesporte.ufms.br\/en\/wp-json\/wp\/v2\/types\/page"}],"author":[{"embeddable":true,"href":"https:\/\/maisesporte.ufms.br\/en\/wp-json\/wp\/v2\/users\/41066"}],"replies":[{"embeddable":true,"href":"https:\/\/maisesporte.ufms.br\/en\/wp-json\/wp\/v2\/comments?post=299"}],"version-history":[{"count":1,"href":"https:\/\/maisesporte.ufms.br\/en\/wp-json\/wp\/v2\/pages\/299\/revisions"}],"predecessor-version":[{"id":300,"href":"https:\/\/maisesporte.ufms.br\/en\/wp-json\/wp\/v2\/pages\/299\/revisions\/300"}],"wp:attachment":[{"href":"https:\/\/maisesporte.ufms.br\/en\/wp-json\/wp\/v2\/media?parent=299"}],"wp:term":[{"taxonomy":"author","embeddable":true,"href":"https:\/\/maisesporte.ufms.br\/en\/wp-json\/wp\/v2\/coauthors?post=299"}],"curies":[{"name":"wp","href":"https:\/\/api.w.org\/{rel}","templated":true}]}}