{"id":2996,"date":"2025-05-13T15:26:19","date_gmt":"2025-05-13T19:26:19","guid":{"rendered":"https:\/\/maisesporte.ufms.br\/?page_id=2996"},"modified":"2025-05-13T15:26:19","modified_gmt":"2025-05-13T19:26:19","slug":"2025-campus-pantanal-oficina-de-primeiros-socorros-e-prevencao-de-acidentes-20-05","status":"publish","type":"page","link":"https:\/\/maisesporte.ufms.br\/en\/2025-campus-pantanal-oficina-de-primeiros-socorros-e-prevencao-de-acidentes-20-05\/","title":{"rendered":"2025 &#8211; C\u00e2mpus Pantanal &#8211; Oficina de primeiros socorros e preven\u00e7\u00e3o de acidentes &#8211; 20\/05"},"content":{"rendered":"\n","protected":false},"excerpt":{"rendered":"","protected":false},"author":72340,"featured_media":0,"parent":0,"menu_order":0,"comment_status":"closed","ping_status":"closed","template":"","meta":{"footnotes":""},"coauthors":[13],"class_list":["post-2996","page","type-page","status-publish","hentry"],"_links":{"self":[{"href":"https:\/\/maisesporte.ufms.br\/en\/wp-json\/wp\/v2\/pages\/2996","targetHints":{"allow":["GET"]}}],"collection":[{"href":"https:\/\/maisesporte.ufms.br\/en\/wp-json\/wp\/v2\/pages"}],"about":[{"href":"https:\/\/maisesporte.ufms.br\/en\/wp-json\/wp\/v2\/types\/page"}],"author":[{"embeddable":true,"href":"https:\/\/maisesporte.ufms.br\/en\/wp-json\/wp\/v2\/users\/72340"}],"replies":[{"embeddable":true,"href":"https:\/\/maisesporte.ufms.br\/en\/wp-json\/wp\/v2\/comments?post=2996"}],"version-history":[{"count":1,"href":"https:\/\/maisesporte.ufms.br\/en\/wp-json\/wp\/v2\/pages\/2996\/revisions"}],"predecessor-version":[{"id":2997,"href":"https:\/\/maisesporte.ufms.br\/en\/wp-json\/wp\/v2\/pages\/2996\/revisions\/2997"}],"wp:attachment":[{"href":"https:\/\/maisesporte.ufms.br\/en\/wp-json\/wp\/v2\/media?parent=2996"}],"wp:term":[{"taxonomy":"author","embeddable":true,"href":"https:\/\/maisesporte.ufms.br\/en\/wp-json\/wp\/v2\/coauthors?post=2996"}],"curies":[{"name":"wp","href":"https:\/\/api.w.org\/{rel}","templated":true}]}}