{"id":3002,"date":"2025-05-13T15:44:10","date_gmt":"2025-05-13T19:44:10","guid":{"rendered":"https:\/\/maisesporte.ufms.br\/?page_id=3002"},"modified":"2025-05-13T15:44:10","modified_gmt":"2025-05-13T19:44:10","slug":"2025-campus-pantanal-acao-de-saude-a-importancia-da-unidade-basica-de-saude-na-promocao-de-saude-da-comunidade-local-dia-mundial-de-combate-a-hepatite-20-05","status":"publish","type":"page","link":"https:\/\/maisesporte.ufms.br\/en\/2025-campus-pantanal-acao-de-saude-a-importancia-da-unidade-basica-de-saude-na-promocao-de-saude-da-comunidade-local-dia-mundial-de-combate-a-hepatite-20-05\/","title":{"rendered":"2025 &#8211; C\u00e2mpus Pantanal &#8211; A\u00e7\u00e3o de Sa\u00fade: A import\u00e2ncia da Unidade B\u00e1sica de Sa\u00fade na promo\u00e7\u00e3o de sa\u00fade da comunidade local &#8211; Dia mundial de combate \u00e0 Hepatite &#8211; 20\/05"},"content":{"rendered":"<div class='gf_submission_limit_message'><p>Sorry. This form is no longer accepting new submissions.<\/p><\/div>\n","protected":false},"excerpt":{"rendered":"","protected":false},"author":72340,"featured_media":0,"parent":0,"menu_order":0,"comment_status":"closed","ping_status":"closed","template":"","meta":{"footnotes":""},"coauthors":[13],"class_list":["post-3002","page","type-page","status-publish","hentry"],"_links":{"self":[{"href":"https:\/\/maisesporte.ufms.br\/en\/wp-json\/wp\/v2\/pages\/3002","targetHints":{"allow":["GET"]}}],"collection":[{"href":"https:\/\/maisesporte.ufms.br\/en\/wp-json\/wp\/v2\/pages"}],"about":[{"href":"https:\/\/maisesporte.ufms.br\/en\/wp-json\/wp\/v2\/types\/page"}],"author":[{"embeddable":true,"href":"https:\/\/maisesporte.ufms.br\/en\/wp-json\/wp\/v2\/users\/72340"}],"replies":[{"embeddable":true,"href":"https:\/\/maisesporte.ufms.br\/en\/wp-json\/wp\/v2\/comments?post=3002"}],"version-history":[{"count":1,"href":"https:\/\/maisesporte.ufms.br\/en\/wp-json\/wp\/v2\/pages\/3002\/revisions"}],"predecessor-version":[{"id":3003,"href":"https:\/\/maisesporte.ufms.br\/en\/wp-json\/wp\/v2\/pages\/3002\/revisions\/3003"}],"wp:attachment":[{"href":"https:\/\/maisesporte.ufms.br\/en\/wp-json\/wp\/v2\/media?parent=3002"}],"wp:term":[{"taxonomy":"author","embeddable":true,"href":"https:\/\/maisesporte.ufms.br\/en\/wp-json\/wp\/v2\/coauthors?post=3002"}],"curies":[{"name":"wp","href":"https:\/\/api.w.org\/{rel}","templated":true}]}}