{"id":3006,"date":"2025-05-13T15:48:28","date_gmt":"2025-05-13T19:48:28","guid":{"rendered":"https:\/\/maisesporte.ufms.br\/?page_id=3006"},"modified":"2025-05-20T12:55:53","modified_gmt":"2025-05-20T16:55:53","slug":"2025-cidade-universitaria-tenis-na-ufms-24-05","status":"publish","type":"page","link":"https:\/\/maisesporte.ufms.br\/en\/2025-cidade-universitaria-tenis-na-ufms-24-05\/","title":{"rendered":"2025 &#8211; Cidade Universit\u00e1ria &#8211; T\u00eanis na UFMS: lazer e integra\u00e7\u00e3o 24\/05"},"content":{"rendered":"<div class='gf_submission_limit_message'><p>Sorry. This form is no longer accepting new submissions.<\/p><\/div>\n","protected":false},"excerpt":{"rendered":"","protected":false},"author":72340,"featured_media":0,"parent":0,"menu_order":0,"comment_status":"closed","ping_status":"closed","template":"","meta":{"footnotes":""},"coauthors":[13],"class_list":["post-3006","page","type-page","status-publish","hentry"],"_links":{"self":[{"href":"https:\/\/maisesporte.ufms.br\/en\/wp-json\/wp\/v2\/pages\/3006","targetHints":{"allow":["GET"]}}],"collection":[{"href":"https:\/\/maisesporte.ufms.br\/en\/wp-json\/wp\/v2\/pages"}],"about":[{"href":"https:\/\/maisesporte.ufms.br\/en\/wp-json\/wp\/v2\/types\/page"}],"author":[{"embeddable":true,"href":"https:\/\/maisesporte.ufms.br\/en\/wp-json\/wp\/v2\/users\/72340"}],"replies":[{"embeddable":true,"href":"https:\/\/maisesporte.ufms.br\/en\/wp-json\/wp\/v2\/comments?post=3006"}],"version-history":[{"count":3,"href":"https:\/\/maisesporte.ufms.br\/en\/wp-json\/wp\/v2\/pages\/3006\/revisions"}],"predecessor-version":[{"id":3398,"href":"https:\/\/maisesporte.ufms.br\/en\/wp-json\/wp\/v2\/pages\/3006\/revisions\/3398"}],"wp:attachment":[{"href":"https:\/\/maisesporte.ufms.br\/en\/wp-json\/wp\/v2\/media?parent=3006"}],"wp:term":[{"taxonomy":"author","embeddable":true,"href":"https:\/\/maisesporte.ufms.br\/en\/wp-json\/wp\/v2\/coauthors?post=3006"}],"curies":[{"name":"wp","href":"https:\/\/api.w.org\/{rel}","templated":true}]}}