{"id":4,"date":"2023-03-07T16:54:30","date_gmt":"2023-03-07T19:54:30","guid":{"rendered":"http:\/\/semanamaisesporte.draconis.ufms.br\/acessibilidade\/"},"modified":"2023-03-07T16:54:30","modified_gmt":"2023-03-07T19:54:30","slug":"acessibilidade","status":"publish","type":"page","link":"https:\/\/maisesporte.ufms.br\/en\/acessibilidade\/","title":{"rendered":"Acessibilidade"},"content":{"rendered":"<p>Semana Mais Esporte segue novo modelo de identidade digital padr\u00e3o do governo federal, que atende \u00e0s principais recomenda\u00e7\u00f5es de acessibilidade indicadas para web<\/p>\n<p class=\" \">O termo acessibilidade significa incluir a pessoa com defici\u00eancia na participa\u00e7\u00e3o de atividades como o uso de produtos, servi\u00e7os e informa\u00e7\u00f5es. Alguns exemplos s\u00e3o os pr\u00e9dios com rampas de acesso para cadeira de rodas e banheiros adaptados para deficientes.<\/p>\n<p class=\" \">Na internet, acessibilidade refere-se principalmente \u00e0s recomenda\u00e7\u00f5es do WCAG (World Content Accessibility Guide) do W3C e no caso do Governo Brasileiro ao e-MAG (Modelo de Acessibilidade em Governo Eletr\u00f4nico). O e-MAG est\u00e1 alinhado as recomenda\u00e7\u00f5es internacionais, mas estabelece padr\u00f5es de comportamento acess\u00edvel para sites governamentais.<\/p>\n<p class=\" \">Na parte superior do Portal Brasil existe uma barra de acessibilidade onde se encontra atalhos de navega\u00e7\u00e3o padronizados e a op\u00e7\u00e3o para alterar o contraste. Essas ferramentas est\u00e3o dispon\u00edveis em todas as p\u00e1ginas do portal.<\/p>\n<p class=\" \">Os padr\u00f5es de atalhos do governo federal s\u00e3o:<\/p>\n<p class=\" \">Teclando-se Alt + 1 em qualquer p\u00e1gina do portal, chega-se diretamente ao come\u00e7o do conte\u00fado principal da p\u00e1gina.<\/p>\n<p class=\" \">Teclando-se Alt + 2 em qualquer p\u00e1gina do portal, chega-se diretamente ao in\u00edcio do menu principal.<\/p>\n<p class=\" \">Teclando-se Alt + 3 em qualquer p\u00e1gina do portal, chega-se diretamente em sua busca interna.<\/p>\n<p class=\" \">No caso do Firefox, em vez de Alt + n\u00famero, tecle simultaneamente Alt + Shift + n\u00famero.<\/p>\n<p class=\" \">Sendo Firefox no Mac OS, em vez de Alt + Shift + n\u00famero, tecle simultaneamente Ctrl + Alt + n\u00famero.<\/p>\n<p class=\" \">No Opera, as teclas s\u00e3o Shift + Escape + n\u00famero. Ao teclar apenas Shift + Escape, o usu\u00e1rio encontrar\u00e1 uma janela com todas as alternativas de ACCESSKEY da p\u00e1gina.<\/p>\n<p class=\" \">Ao final desse texto, voc\u00ea poder\u00e1 baixar alguns arquivos que explicam melhor o termo acessibilidade e como deve ser implementado nos sites da Internet.<\/p>\n<p class=\" \"><strong>Leis e decretos sobre acessibilidade:<\/strong><\/p>\n<ul>\n<li>Decreto n\u00ba 5.296 de 02 de dezembro de 2004 (<a class=\"external-link\" title=\"\" href=\"http:\/\/www.planalto.gov.br\/ccivil_03\/_Ato2004-2006\/2004\/Decreto\/D5296.htm\" target=\"_self\">http:\/\/www.planalto.gov.br\/ccivil_03\/_Ato2004-2006\/2004\/Decreto\/D5296.htm<\/a>).<\/li>\n<li>Decreto n\u00ba 6.949, de 25 de agosto de 2009 &#8211; Promulga a Conven\u00e7\u00e3o Internacional sobre os Direitos das Pessoas com Defici\u00eancia e seu Protocolo Facultativo, assinados em Nova York, em 30 de mar\u00e7o de 2007 (<a class=\"external-link\" title=\"\" href=\"http:\/\/www.planalto.gov.br\/ccivil_03\/_ato2007-2010\/2009\/decreto\/d6949.htm\" target=\"_self\">http:\/\/www.planalto.gov.br\/ccivil_03\/_ato2007-2010\/2009\/decreto\/d6949.htm<\/a>).<\/li>\n<li>Decreto n\u00ba 7.724, de 16 de Maio de 2012 &#8211; Regulamenta a Lei No 12.527, que disp\u00f5e sobre o acesso a informa\u00e7\u00f5es (<a class=\"external-link\" title=\"\" href=\"http:\/\/www.planalto.gov.br\/ccivil_03\/_ato2011-2014\/2012\/Decreto\/D7724.htm\" target=\"_self\">http:\/\/www.planalto.gov.br\/ccivil_03\/_ato2011-2014\/2012\/Decreto\/D7724.htm<\/a>).<\/li>\n<li>Modelo de Acessibilidade de Governo Eletr\u00f4nico (<a class=\"external-link\" title=\"\" href=\"http:\/\/www.governoeletronico.gov.br\/acoes-e-projetos\/e-MAG\" target=\"_self\">http:\/\/www.governoeletronico.gov.br\/acoes-e-projetos\/e-MAG<\/a>).<\/li>\n<li class=\"last-item\">Portaria n\u00ba 03, de 07 de Maio de 2007 &#8211; formato .pdf (35,5Kb) &#8211; Institucionaliza o Modelo de Acessibilidade em Governo Eletr\u00f4nico \u2013 e-MAG (<a class=\"external-link\" title=\"\" href=\"http:\/\/www.governoeletronico.gov.br\/biblioteca\/arquivos\/portaria-no-03-de-07-05-2007\" target=\"_self\">http:\/\/www.governoeletronico.gov.br\/biblioteca\/arquivos\/portaria-no-03-de-07-05-2007<\/a>).<\/li>\n<\/ul>\n<p>                    Texto retirado de: http:\/\/www.brasil.gov.br\/acessibilidade<\/p>\n","protected":false},"excerpt":{"rendered":"<p>Semana Mais Esporte segue novo modelo de identidade digital padr\u00e3o do governo federal, que atende \u00e0s principais recomenda\u00e7\u00f5es de acessibilidade indicadas para web O termo acessibilidade significa incluir a pessoa com defici\u00eancia na participa\u00e7\u00e3o de atividades como o uso de produtos, servi\u00e7os e informa\u00e7\u00f5es. Alguns exemplos s\u00e3o os pr\u00e9dios com rampas de acesso para cadeira de rodas e banheiros adaptados para deficientes. Na internet, acessibilidade refere-se principalmente \u00e0s recomenda\u00e7\u00f5es do WCAG (World Content Accessibility Guide) do W3C e no caso do Governo Brasileiro ao e-MAG (Modelo de Acessibilidade em Governo Eletr\u00f4nico). O e-MAG est\u00e1 alinhado as recomenda\u00e7\u00f5es internacionais, mas estabelece padr\u00f5es de comportamento acess\u00edvel para sites governamentais. Na parte superior do Portal Brasil existe uma barra de acessibilidade onde se encontra atalhos de navega\u00e7\u00e3o padronizados e a op\u00e7\u00e3o para alterar o contraste. Essas ferramentas est\u00e3o dispon\u00edveis em todas as p\u00e1ginas do portal. Os padr\u00f5es de atalhos do governo federal s\u00e3o: Teclando-se Alt + 1 em qualquer p\u00e1gina do portal, chega-se diretamente ao come\u00e7o do conte\u00fado principal da p\u00e1gina. Teclando-se Alt + 2 em qualquer p\u00e1gina do portal, chega-se diretamente ao in\u00edcio do menu principal. Teclando-se Alt + 3 em qualquer p\u00e1gina do portal, chega-se diretamente em sua busca interna. No caso do Firefox, em vez de Alt + n\u00famero, tecle simultaneamente Alt + Shift + n\u00famero. Sendo Firefox no Mac OS, em vez de Alt + Shift + n\u00famero, tecle simultaneamente Ctrl + Alt + n\u00famero. No Opera, as teclas s\u00e3o Shift + Escape + n\u00famero. Ao teclar apenas Shift + Escape, o usu\u00e1rio encontrar\u00e1 uma janela com todas as alternativas de ACCESSKEY da p\u00e1gina. Ao final desse texto, voc\u00ea poder\u00e1 baixar alguns arquivos que explicam melhor o termo acessibilidade e como deve ser implementado nos sites da Internet. Leis e decretos sobre acessibilidade: Decreto n\u00ba 5.296 de 02 de dezembro de 2004 (http:\/\/www.planalto.gov.br\/ccivil_03\/_Ato2004-2006\/2004\/Decreto\/D5296.htm). Decreto n\u00ba 6.949, de 25 de agosto de 2009 &#8211; Promulga a Conven\u00e7\u00e3o Internacional sobre os Direitos das Pessoas com Defici\u00eancia e seu Protocolo Facultativo, assinados em Nova York, em 30 de mar\u00e7o de 2007 (http:\/\/www.planalto.gov.br\/ccivil_03\/_ato2007-2010\/2009\/decreto\/d6949.htm). Decreto n\u00ba 7.724, de 16 de Maio de 2012 &#8211; Regulamenta a Lei No 12.527, que disp\u00f5e sobre o acesso a informa\u00e7\u00f5es (http:\/\/www.planalto.gov.br\/ccivil_03\/_ato2011-2014\/2012\/Decreto\/D7724.htm). Modelo de Acessibilidade de Governo Eletr\u00f4nico (http:\/\/www.governoeletronico.gov.br\/acoes-e-projetos\/e-MAG). Portaria n\u00ba 03, de 07 de Maio de 2007 &#8211; formato .pdf (35,5Kb) &#8211; Institucionaliza o Modelo de Acessibilidade em Governo Eletr\u00f4nico \u2013 e-MAG (http:\/\/www.governoeletronico.gov.br\/biblioteca\/arquivos\/portaria-no-03-de-07-05-2007). Texto retirado de: http:\/\/www.brasil.gov.br\/acessibilidade<\/p>\n","protected":false},"author":1,"featured_media":0,"parent":0,"menu_order":0,"comment_status":"closed","ping_status":"closed","template":"","meta":{"footnotes":""},"coauthors":[],"class_list":["post-4","page","type-page","status-publish","hentry"],"_links":{"self":[{"href":"https:\/\/maisesporte.ufms.br\/en\/wp-json\/wp\/v2\/pages\/4","targetHints":{"allow":["GET"]}}],"collection":[{"href":"https:\/\/maisesporte.ufms.br\/en\/wp-json\/wp\/v2\/pages"}],"about":[{"href":"https:\/\/maisesporte.ufms.br\/en\/wp-json\/wp\/v2\/types\/page"}],"author":[{"embeddable":true,"href":"https:\/\/maisesporte.ufms.br\/en\/wp-json\/wp\/v2\/users\/1"}],"replies":[{"embeddable":true,"href":"https:\/\/maisesporte.ufms.br\/en\/wp-json\/wp\/v2\/comments?post=4"}],"version-history":[{"count":0,"href":"https:\/\/maisesporte.ufms.br\/en\/wp-json\/wp\/v2\/pages\/4\/revisions"}],"wp:attachment":[{"href":"https:\/\/maisesporte.ufms.br\/en\/wp-json\/wp\/v2\/media?parent=4"}],"wp:term":[{"taxonomy":"author","embeddable":true,"href":"https:\/\/maisesporte.ufms.br\/en\/wp-json\/wp\/v2\/coauthors?post=4"}],"curies":[{"name":"wp","href":"https:\/\/api.w.org\/{rel}","templated":true}]}}