{"id":436,"date":"2023-05-16T12:52:46","date_gmt":"2023-05-16T16:52:46","guid":{"rendered":"https:\/\/maisesporte.ufms.br\/?page_id=436"},"modified":"2023-05-16T12:55:26","modified_gmt":"2023-05-16T16:55:26","slug":"2023-sme-25-05-aula-de-yoga-saude-fisica-e-mental-para-a-comunidade-universitaria-e-publico-externo-14h-16h","status":"publish","type":"page","link":"https:\/\/maisesporte.ufms.br\/en\/2023-sme-25-05-aula-de-yoga-saude-fisica-e-mental-para-a-comunidade-universitaria-e-publico-externo-14h-16h\/","title":{"rendered":"2023 SME &#8211; 24\/05 &#8211; Aula de Yoga: sa\u00fade f\u00edsica e mental para a comunidade universit\u00e1ria e p\u00fablico externo (14h-16h)"},"content":{"rendered":"\n","protected":false},"excerpt":{"rendered":"","protected":false},"author":41066,"featured_media":0,"parent":0,"menu_order":0,"comment_status":"closed","ping_status":"closed","template":"","meta":{"footnotes":""},"coauthors":[],"class_list":["post-436","page","type-page","status-publish","hentry"],"_links":{"self":[{"href":"https:\/\/maisesporte.ufms.br\/en\/wp-json\/wp\/v2\/pages\/436","targetHints":{"allow":["GET"]}}],"collection":[{"href":"https:\/\/maisesporte.ufms.br\/en\/wp-json\/wp\/v2\/pages"}],"about":[{"href":"https:\/\/maisesporte.ufms.br\/en\/wp-json\/wp\/v2\/types\/page"}],"author":[{"embeddable":true,"href":"https:\/\/maisesporte.ufms.br\/en\/wp-json\/wp\/v2\/users\/41066"}],"replies":[{"embeddable":true,"href":"https:\/\/maisesporte.ufms.br\/en\/wp-json\/wp\/v2\/comments?post=436"}],"version-history":[{"count":2,"href":"https:\/\/maisesporte.ufms.br\/en\/wp-json\/wp\/v2\/pages\/436\/revisions"}],"predecessor-version":[{"id":439,"href":"https:\/\/maisesporte.ufms.br\/en\/wp-json\/wp\/v2\/pages\/436\/revisions\/439"}],"wp:attachment":[{"href":"https:\/\/maisesporte.ufms.br\/en\/wp-json\/wp\/v2\/media?parent=436"}],"wp:term":[{"taxonomy":"author","embeddable":true,"href":"https:\/\/maisesporte.ufms.br\/en\/wp-json\/wp\/v2\/coauthors?post=436"}],"curies":[{"name":"wp","href":"https:\/\/api.w.org\/{rel}","templated":true}]}}