{"id":448,"date":"2023-05-17T14:59:04","date_gmt":"2023-05-17T18:59:04","guid":{"rendered":"https:\/\/maisesporte.ufms.br\/?page_id=448"},"modified":"2025-05-13T08:20:39","modified_gmt":"2025-05-13T12:20:39","slug":"sobre-o-festival-mais-esporte","status":"publish","type":"page","link":"https:\/\/maisesporte.ufms.br\/en\/sobre-o-festival-mais-esporte\/","title":{"rendered":"Sobre o Festival Mais Esporte"},"content":{"rendered":"<p><b>HIST\u00d3RIA<\/b><\/p>\n<p>&nbsp;<\/p>\n<p>O 7\u00ba Festival Mais Esporte, com o tema <strong>Desafios e Solu\u00e7\u00f5es para um Futuro Sustent\u00e1vel<\/strong>, \u00e9 uma iniciativa integrada ao Programa Universit\u00e1rio de Lazer, Sa\u00fade e Esporte (PULSE) da UFMS. Esta a\u00e7\u00e3o busca promover a pr\u00e1tica esportiva como instrumento de transforma\u00e7\u00e3o social, aliando sa\u00fade, bem-estar e sustentabilidade. Por meio de atividades f\u00edsicas, oficinas, palestras e eventos interativos, o festival fortalece a integra\u00e7\u00e3o da comunidade acad\u00eamica e da sociedade, fomentando solu\u00e7\u00f5es criativas e colaborativas para os desafios do presente e do futuro.<\/p>\n<p>&nbsp;<\/p>\n<p><span style=\"font-weight: 400\">Em 2025, o evento ser\u00e1 realizado na Cidade Universit\u00e1ria e em todos os C\u00e2mpus da UFMS, sendo previstas diversas a\u00e7\u00f5es esportivas como festivais, jogos, torneios, atividade f\u00edsica para sa\u00fade, palestras, oficinas para capacita\u00e7\u00e3o, entre outras atividades corporais de lazer e de sustentabilidade.<\/span><\/p>\n<p>&nbsp;<\/p>\n<p><span style=\"font-weight: 400\">Nota-se que ao longo dos anos, a gest\u00e3o do Esporte da UFMS tem avan\u00e7ado em suas a\u00e7\u00f5es esportivas para que haja a pluralidade, a isonomia, o respeito, a valoriza\u00e7\u00e3o e o pertencimento dos estudantes atletas e n\u00e3o atletas e dos servidores da UFMS. A literatura traz evid\u00eancias de que o esporte \u00e9 capaz de atuar na forma\u00e7\u00e3o humana, promovendo sa\u00fade, sociabiliza\u00e7\u00e3o, recrea\u00e7\u00e3o e lazer, valores morais e \u00e9ticos. Destaca-se ainda que o esporte \u00e9 um importante elemento para atrair jovens para a universidade e manter os jovens no ensino superior, preparando-os para a vida em sociedade.<\/span><\/p>\n<p>&nbsp;<\/p>\n<p><b>OBJETIVO<\/b><\/p>\n<p>&nbsp;<\/p>\n<p>O evento tem como objetivos:<br \/>\na) promover a pr\u00e1tica esportiva;<br \/>\nb) incentivar a integra\u00e7\u00e3o da comunidade universit\u00e1ria e o p\u00fablico externo;<br \/>\nc) fortalecer os valores de sa\u00fade, bem-estar e conviv\u00eancia social;<br \/>\nd) capacitar e qualificar professores e profissionais da sa\u00fade, bem como oferecer uma forma\u00e7\u00e3o de qualidade para os estudantes de gradua\u00e7\u00e3o, p\u00f3s-gradua\u00e7\u00e3o e especializa\u00e7\u00e3o da UFMS.<\/p>\n<p>&nbsp;<\/p>\n<p><b>QUANDO e ONDE?<\/b><\/p>\n<p>&nbsp;<\/p>\n<p><span style=\"font-weight: 400\">O Festival Mais Esporte 2025 agitar\u00e1 os C\u00e2mpus da UFMS de 19 a 24 de maio com uma programa\u00e7\u00e3o diversificada de atividades esportivas para toda a comunidade acad\u00eamica e externa.<\/span><\/p>\n<p><a href=\"https:\/\/maisesporte.ufms.br\/todas-as-atividades-2025\/\/\"><b>CONFIRA A PROGRAMA\u00c7\u00c3O E COMO REALIZAR A SUA INSCRI\u00c7\u00c3O DO FESTIVAL MAIS ESPORTE 2025<\/b><\/a><\/p>\n<p>&nbsp;<\/p>\n<p>&nbsp;<\/p>\n<p>&nbsp;<\/p>\n<p>&nbsp;<\/p>\n","protected":false},"excerpt":{"rendered":"<p>HIST\u00d3RIA &nbsp; O 7\u00ba Festival Mais Esporte, com o tema Desafios e Solu\u00e7\u00f5es para um Futuro Sustent\u00e1vel, \u00e9 uma iniciativa integrada ao Programa Universit\u00e1rio de Lazer, Sa\u00fade e Esporte (PULSE) da UFMS. Esta a\u00e7\u00e3o busca promover a pr\u00e1tica esportiva como instrumento de transforma\u00e7\u00e3o social, aliando sa\u00fade, bem-estar e sustentabilidade. Por meio de atividades f\u00edsicas, oficinas, palestras e eventos interativos, o festival fortalece a integra\u00e7\u00e3o da comunidade acad\u00eamica e da sociedade, fomentando solu\u00e7\u00f5es criativas e colaborativas para os desafios do presente e do futuro. &nbsp; Em 2025, o evento ser\u00e1 realizado na Cidade Universit\u00e1ria e em todos os C\u00e2mpus da UFMS, sendo previstas diversas a\u00e7\u00f5es esportivas como festivais, jogos, torneios, atividade f\u00edsica para sa\u00fade, palestras, oficinas para capacita\u00e7\u00e3o, entre outras atividades corporais de lazer e de sustentabilidade. &nbsp; Nota-se que ao longo dos anos, a gest\u00e3o do Esporte da UFMS tem avan\u00e7ado em suas a\u00e7\u00f5es esportivas para que haja a pluralidade, a isonomia, o respeito, a valoriza\u00e7\u00e3o e o pertencimento dos estudantes atletas e n\u00e3o atletas e dos servidores da UFMS. A literatura traz evid\u00eancias de que o esporte \u00e9 capaz de atuar na forma\u00e7\u00e3o humana, promovendo sa\u00fade, sociabiliza\u00e7\u00e3o, recrea\u00e7\u00e3o e lazer, valores morais e \u00e9ticos. Destaca-se ainda que o esporte \u00e9 um importante elemento para atrair jovens para a universidade e manter os jovens no ensino superior, preparando-os para a vida em sociedade. &nbsp; OBJETIVO &nbsp; O evento tem como objetivos: a) promover a pr\u00e1tica esportiva; b) incentivar a integra\u00e7\u00e3o da comunidade universit\u00e1ria e o p\u00fablico externo; c) fortalecer os valores de sa\u00fade, bem-estar e conviv\u00eancia social; d) capacitar e qualificar professores e profissionais da sa\u00fade, bem como oferecer uma forma\u00e7\u00e3o de qualidade para os estudantes de gradua\u00e7\u00e3o, p\u00f3s-gradua\u00e7\u00e3o e especializa\u00e7\u00e3o da UFMS. &nbsp; QUANDO e ONDE? &nbsp; O Festival Mais Esporte 2025 agitar\u00e1 os C\u00e2mpus da UFMS de 19 a 24 de maio com uma programa\u00e7\u00e3o diversificada de atividades esportivas para toda a comunidade acad\u00eamica e externa. CONFIRA A PROGRAMA\u00c7\u00c3O E COMO REALIZAR A SUA INSCRI\u00c7\u00c3O DO FESTIVAL MAIS ESPORTE 2025 &nbsp; &nbsp; &nbsp; &nbsp;<\/p>\n","protected":false},"author":41066,"featured_media":0,"parent":0,"menu_order":0,"comment_status":"closed","ping_status":"closed","template":"","meta":{"footnotes":""},"coauthors":[12],"class_list":["post-448","page","type-page","status-publish","hentry"],"_links":{"self":[{"href":"https:\/\/maisesporte.ufms.br\/en\/wp-json\/wp\/v2\/pages\/448","targetHints":{"allow":["GET"]}}],"collection":[{"href":"https:\/\/maisesporte.ufms.br\/en\/wp-json\/wp\/v2\/pages"}],"about":[{"href":"https:\/\/maisesporte.ufms.br\/en\/wp-json\/wp\/v2\/types\/page"}],"author":[{"embeddable":true,"href":"https:\/\/maisesporte.ufms.br\/en\/wp-json\/wp\/v2\/users\/41066"}],"replies":[{"embeddable":true,"href":"https:\/\/maisesporte.ufms.br\/en\/wp-json\/wp\/v2\/comments?post=448"}],"version-history":[{"count":14,"href":"https:\/\/maisesporte.ufms.br\/en\/wp-json\/wp\/v2\/pages\/448\/revisions"}],"predecessor-version":[{"id":2921,"href":"https:\/\/maisesporte.ufms.br\/en\/wp-json\/wp\/v2\/pages\/448\/revisions\/2921"}],"wp:attachment":[{"href":"https:\/\/maisesporte.ufms.br\/en\/wp-json\/wp\/v2\/media?parent=448"}],"wp:term":[{"taxonomy":"author","embeddable":true,"href":"https:\/\/maisesporte.ufms.br\/en\/wp-json\/wp\/v2\/coauthors?post=448"}],"curies":[{"name":"wp","href":"https:\/\/api.w.org\/{rel}","templated":true}]}}