{"id":552,"date":"2023-05-18T15:46:00","date_gmt":"2023-05-18T19:46:00","guid":{"rendered":"https:\/\/maisesporte.ufms.br\/?page_id=552"},"modified":"2023-05-22T10:26:26","modified_gmt":"2023-05-22T14:26:26","slug":"programacao-geral-campus-de-ponta-pora","status":"publish","type":"page","link":"https:\/\/maisesporte.ufms.br\/en\/programacao-geral-campus-de-ponta-pora\/","title":{"rendered":"Programa\u00e7\u00e3o Geral &#8211; Campus de Ponta Por\u00e3"},"content":{"rendered":"\t\t<div data-elementor-type=\"wp-page\" data-elementor-id=\"552\" class=\"elementor elementor-552\">\n\t\t\t\t\t\t<section class=\"elementor-section elementor-top-section elementor-element elementor-element-de3740a elementor-section-boxed elementor-section-height-default elementor-section-height-default wpr-particle-no wpr-jarallax-no wpr-parallax-no wpr-sticky-section-no\" data-id=\"de3740a\" data-element_type=\"section\">\n\t\t\t\t\t\t<div class=\"elementor-container elementor-column-gap-default\">\n\t\t\t\t\t<div class=\"elementor-column elementor-col-100 elementor-top-column elementor-element elementor-element-7a4fda7\" data-id=\"7a4fda7\" data-element_type=\"column\">\n\t\t\t<div class=\"elementor-widget-wrap elementor-element-populated\">\n\t\t\t\t\t\t<div class=\"elementor-element elementor-element-b23aa37 elementor-widget elementor-widget-heading\" data-id=\"b23aa37\" data-element_type=\"widget\" data-widget_type=\"heading.default\">\n\t\t\t\t<div class=\"elementor-widget-container\">\n\t\t\t\t\t<h2 class=\"elementor-heading-title elementor-size-default\">Programa\u00e7\u00e3o Geral - Campus de Ponta Por\u00e3<\/h2>\t\t\t\t<\/div>\n\t\t\t\t<\/div>\n\t\t\t\t<div class=\"elementor-element elementor-element-e05db43 elementor-widget elementor-widget-text-editor\" data-id=\"e05db43\" data-element_type=\"widget\" data-widget_type=\"text-editor.default\">\n\t\t\t\t<div class=\"elementor-widget-container\">\n\t\t\t\t\t\t\t\t\t<p>Confira a programa\u00e7\u00e3o geral do 5\u00ba Festival Mais Esporte. Na listagem abaixo voc\u00ea consegue acompanhar todas as atividades e seus links de inscri\u00e7\u00f5es. <br \/>Obs.: Note que algumas atividades n\u00e3o possuem link de inscri\u00e7\u00e3o, ficando de responsabilidade do proponente da a\u00e7\u00e3o.<\/p>\t\t\t\t\t\t\t\t<\/div>\n\t\t\t\t<\/div>\n\t\t\t\t<div class=\"elementor-element elementor-element-7f9abbb elementor-widget elementor-widget-heading\" data-id=\"7f9abbb\" data-element_type=\"widget\" data-widget_type=\"heading.default\">\n\t\t\t\t<div class=\"elementor-widget-container\">\n\t\t\t\t\t<h4 class=\"elementor-heading-title elementor-size-default\">Gin\u00e1stica Preventiva<\/h4>\t\t\t\t<\/div>\n\t\t\t\t<\/div>\n\t\t\t\t<div class=\"elementor-element elementor-element-e2acf99 elementor-widget elementor-widget-text-editor\" data-id=\"e2acf99\" data-element_type=\"widget\" data-widget_type=\"text-editor.default\">\n\t\t\t\t<div class=\"elementor-widget-container\">\n\t\t\t\t\t\t\t\t\t<p>23\/05\/2023 (ter\u00e7a-feira) \u2013 Hor\u00e1rio 15h:<\/p><ul><li>Campus de Ponta Por\u00e3<\/li><\/ul><p><strong>P\u00fablico Alvo: Servidores T\u00e9cnicos Administrativo, Docentes e Estudantes<\/strong><\/p><p>Dura\u00e7\u00e3o da atividade: 30 minutos<\/p><p>Link da Aula:\u00a0<a href=\"https:\/\/meet.google.com\/bnh-msko-vty\">https:\/\/meet.google.com\/bnh-msko-vty<\/a><\/p>\t\t\t\t\t\t\t\t<\/div>\n\t\t\t\t<\/div>\n\t\t\t\t\t<\/div>\n\t\t<\/div>\n\t\t\t\t\t<\/div>\n\t\t<\/section>\n\t\t\t\t<section class=\"elementor-section elementor-top-section elementor-element elementor-element-63ca9c6 elementor-section-boxed elementor-section-height-default elementor-section-height-default wpr-particle-no wpr-jarallax-no wpr-parallax-no wpr-sticky-section-no\" data-id=\"63ca9c6\" data-element_type=\"section\">\n\t\t\t\t\t\t<div class=\"elementor-container elementor-column-gap-default\">\n\t\t\t\t\t<div class=\"elementor-column elementor-col-100 elementor-top-column elementor-element elementor-element-84f5140\" data-id=\"84f5140\" data-element_type=\"column\">\n\t\t\t<div class=\"elementor-widget-wrap elementor-element-populated\">\n\t\t\t\t\t\t<div class=\"elementor-element elementor-element-a86551d elementor-widget elementor-widget-shortcode\" data-id=\"a86551d\" data-element_type=\"widget\" data-widget_type=\"shortcode.default\">\n\t\t\t\t<div class=\"elementor-widget-container\">\n\t\t\t\t\t\t\t<div class=\"elementor-shortcode\">[table id=7 \/]<\/div>\n\t\t\t\t\t\t<\/div>\n\t\t\t\t<\/div>\n\t\t\t\t\t<\/div>\n\t\t<\/div>\n\t\t\t\t\t<\/div>\n\t\t<\/section>\n\t\t\t\t<\/div>\n\t\t","protected":false},"excerpt":{"rendered":"<p>Programa\u00e7\u00e3o Geral &#8211; Campus de Ponta Por\u00e3 Confira a programa\u00e7\u00e3o geral do 5\u00ba Festival Mais Esporte. Na listagem abaixo voc\u00ea consegue acompanhar todas as atividades e seus links de inscri\u00e7\u00f5es. Obs.: Note que algumas atividades n\u00e3o possuem link de inscri\u00e7\u00e3o, ficando de responsabilidade do proponente da a\u00e7\u00e3o. Gin\u00e1stica Preventiva 23\/05\/2023 (ter\u00e7a-feira) \u2013 Hor\u00e1rio 15h: Campus de Ponta Por\u00e3 P\u00fablico Alvo: Servidores T\u00e9cnicos Administrativo, Docentes e Estudantes Dura\u00e7\u00e3o da atividade: 30 minutos Link da Aula:\u00a0https:\/\/meet.google.com\/bnh-msko-vty<\/p>\n","protected":false},"author":41629,"featured_media":0,"parent":0,"menu_order":0,"comment_status":"closed","ping_status":"closed","template":"elementor_header_footer","meta":{"footnotes":""},"coauthors":[],"class_list":["post-552","page","type-page","status-publish","hentry"],"_links":{"self":[{"href":"https:\/\/maisesporte.ufms.br\/en\/wp-json\/wp\/v2\/pages\/552","targetHints":{"allow":["GET"]}}],"collection":[{"href":"https:\/\/maisesporte.ufms.br\/en\/wp-json\/wp\/v2\/pages"}],"about":[{"href":"https:\/\/maisesporte.ufms.br\/en\/wp-json\/wp\/v2\/types\/page"}],"author":[{"embeddable":true,"href":"https:\/\/maisesporte.ufms.br\/en\/wp-json\/wp\/v2\/users\/41629"}],"replies":[{"embeddable":true,"href":"https:\/\/maisesporte.ufms.br\/en\/wp-json\/wp\/v2\/comments?post=552"}],"version-history":[{"count":7,"href":"https:\/\/maisesporte.ufms.br\/en\/wp-json\/wp\/v2\/pages\/552\/revisions"}],"predecessor-version":[{"id":692,"href":"https:\/\/maisesporte.ufms.br\/en\/wp-json\/wp\/v2\/pages\/552\/revisions\/692"}],"wp:attachment":[{"href":"https:\/\/maisesporte.ufms.br\/en\/wp-json\/wp\/v2\/media?parent=552"}],"wp:term":[{"taxonomy":"author","embeddable":true,"href":"https:\/\/maisesporte.ufms.br\/en\/wp-json\/wp\/v2\/coauthors?post=552"}],"curies":[{"name":"wp","href":"https:\/\/api.w.org\/{rel}","templated":true}]}}