{"id":559,"date":"2023-05-18T15:52:51","date_gmt":"2023-05-18T19:52:51","guid":{"rendered":"https:\/\/maisesporte.ufms.br\/?page_id=559"},"modified":"2023-05-22T10:34:44","modified_gmt":"2023-05-22T14:34:44","slug":"programacao-geral-campus-de-chapadao-do-sul","status":"publish","type":"page","link":"https:\/\/maisesporte.ufms.br\/en\/programacao-geral-campus-de-chapadao-do-sul\/","title":{"rendered":"Programa\u00e7\u00e3o Geral &#8211; Campus de Chapad\u00e3o do Sul"},"content":{"rendered":"\t\t<div data-elementor-type=\"wp-page\" data-elementor-id=\"559\" class=\"elementor elementor-559\">\n\t\t\t\t\t\t<section class=\"elementor-section elementor-top-section elementor-element elementor-element-1e24b66 elementor-section-boxed elementor-section-height-default elementor-section-height-default wpr-particle-no wpr-jarallax-no wpr-parallax-no wpr-sticky-section-no\" data-id=\"1e24b66\" data-element_type=\"section\">\n\t\t\t\t\t\t<div class=\"elementor-container elementor-column-gap-default\">\n\t\t\t\t\t<div class=\"elementor-column elementor-col-100 elementor-top-column elementor-element elementor-element-b71cbcb\" data-id=\"b71cbcb\" data-element_type=\"column\">\n\t\t\t<div class=\"elementor-widget-wrap elementor-element-populated\">\n\t\t\t\t\t\t<div class=\"elementor-element elementor-element-0d30b2f elementor-widget elementor-widget-heading\" data-id=\"0d30b2f\" data-element_type=\"widget\" data-widget_type=\"heading.default\">\n\t\t\t\t<div class=\"elementor-widget-container\">\n\t\t\t\t\t<h2 class=\"elementor-heading-title elementor-size-default\">Programa\u00e7\u00e3o Geral - Campus de Chapad\u00e3o do Sul <\/h2>\t\t\t\t<\/div>\n\t\t\t\t<\/div>\n\t\t\t\t<div class=\"elementor-element elementor-element-15c4c5c elementor-widget elementor-widget-text-editor\" data-id=\"15c4c5c\" data-element_type=\"widget\" data-widget_type=\"text-editor.default\">\n\t\t\t\t<div class=\"elementor-widget-container\">\n\t\t\t\t\t\t\t\t\t<p>Confira a programa\u00e7\u00e3o geral do 5\u00ba Festival Mais Esporte. Na listagem abaixo voc\u00ea consegue acompanhar todas as atividades e seus links de inscri\u00e7\u00f5es. <br \/>Obs.: Note que algumas atividades n\u00e3o possuem link de inscri\u00e7\u00e3o, ficando de responsabilidade do proponente da a\u00e7\u00e3o.<\/p>\t\t\t\t\t\t\t\t<\/div>\n\t\t\t\t<\/div>\n\t\t\t\t<div class=\"elementor-element elementor-element-1b8c92d elementor-widget elementor-widget-heading\" data-id=\"1b8c92d\" data-element_type=\"widget\" data-widget_type=\"heading.default\">\n\t\t\t\t<div class=\"elementor-widget-container\">\n\t\t\t\t\t<h4 class=\"elementor-heading-title elementor-size-default\">Gin\u00e1stica Preventiva:<\/h4>\t\t\t\t<\/div>\n\t\t\t\t<\/div>\n\t\t\t\t<div class=\"elementor-element elementor-element-8b6ea3b elementor-widget elementor-widget-text-editor\" data-id=\"8b6ea3b\" data-element_type=\"widget\" data-widget_type=\"text-editor.default\">\n\t\t\t\t<div class=\"elementor-widget-container\">\n\t\t\t\t\t\t\t\t\t<p>24\/05\/2023 (quarta-feira) \u2013 Hor\u00e1rio 15h:<\/p><ul><li>Campus do Pantanal<\/li><li>Campus de Parana\u00edba<\/li><li>Campus de Chapad\u00e3o do Sul<\/li><li>Campus de Coxim<\/li><li>Campus de Navira\u00ed<\/li><\/ul><p><strong>P\u00fablico Alvo: Servidores T\u00e9cnicos Administrativo, Docentes e Estudantes<\/strong><\/p><p>Dura\u00e7\u00e3o da atividade: 30 minutos<\/p><p>Link da Aula:\u00a0<a href=\"https:\/\/meet.google.com\/bnh-msko-vty\">https:\/\/meet.google.com\/bnh-msko-vty<\/a><\/p>\t\t\t\t\t\t\t\t<\/div>\n\t\t\t\t<\/div>\n\t\t\t\t\t<\/div>\n\t\t<\/div>\n\t\t\t\t\t<\/div>\n\t\t<\/section>\n\t\t\t\t<section class=\"elementor-section elementor-top-section elementor-element elementor-element-fe285a1 elementor-section-boxed elementor-section-height-default elementor-section-height-default wpr-particle-no wpr-jarallax-no wpr-parallax-no wpr-sticky-section-no\" data-id=\"fe285a1\" data-element_type=\"section\">\n\t\t\t\t\t\t<div class=\"elementor-container elementor-column-gap-default\">\n\t\t\t\t\t<div class=\"elementor-column elementor-col-100 elementor-top-column elementor-element elementor-element-0b2ea54\" data-id=\"0b2ea54\" data-element_type=\"column\">\n\t\t\t<div class=\"elementor-widget-wrap elementor-element-populated\">\n\t\t\t\t\t\t<div class=\"elementor-element elementor-element-a0c7b8f elementor-widget elementor-widget-shortcode\" data-id=\"a0c7b8f\" data-element_type=\"widget\" data-widget_type=\"shortcode.default\">\n\t\t\t\t<div class=\"elementor-widget-container\">\n\t\t\t\t\t\t\t<div class=\"elementor-shortcode\">[table id=8 \/]<\/div>\n\t\t\t\t\t\t<\/div>\n\t\t\t\t<\/div>\n\t\t\t\t\t<\/div>\n\t\t<\/div>\n\t\t\t\t\t<\/div>\n\t\t<\/section>\n\t\t\t\t<\/div>\n\t\t","protected":false},"excerpt":{"rendered":"<p>Programa\u00e7\u00e3o Geral &#8211; Campus de Chapad\u00e3o do Sul Confira a programa\u00e7\u00e3o geral do 5\u00ba Festival Mais Esporte. Na listagem abaixo voc\u00ea consegue acompanhar todas as atividades e seus links de inscri\u00e7\u00f5es. Obs.: Note que algumas atividades n\u00e3o possuem link de inscri\u00e7\u00e3o, ficando de responsabilidade do proponente da a\u00e7\u00e3o. Gin\u00e1stica Preventiva: 24\/05\/2023 (quarta-feira) \u2013 Hor\u00e1rio 15h: Campus do Pantanal Campus de Parana\u00edba Campus de Chapad\u00e3o do Sul Campus de Coxim Campus de Navira\u00ed P\u00fablico Alvo: Servidores T\u00e9cnicos Administrativo, Docentes e Estudantes Dura\u00e7\u00e3o da atividade: 30 minutos Link da Aula:\u00a0https:\/\/meet.google.com\/bnh-msko-vty<\/p>\n","protected":false},"author":41629,"featured_media":0,"parent":0,"menu_order":0,"comment_status":"closed","ping_status":"closed","template":"elementor_header_footer","meta":{"footnotes":""},"coauthors":[],"class_list":["post-559","page","type-page","status-publish","hentry"],"_links":{"self":[{"href":"https:\/\/maisesporte.ufms.br\/en\/wp-json\/wp\/v2\/pages\/559","targetHints":{"allow":["GET"]}}],"collection":[{"href":"https:\/\/maisesporte.ufms.br\/en\/wp-json\/wp\/v2\/pages"}],"about":[{"href":"https:\/\/maisesporte.ufms.br\/en\/wp-json\/wp\/v2\/types\/page"}],"author":[{"embeddable":true,"href":"https:\/\/maisesporte.ufms.br\/en\/wp-json\/wp\/v2\/users\/41629"}],"replies":[{"embeddable":true,"href":"https:\/\/maisesporte.ufms.br\/en\/wp-json\/wp\/v2\/comments?post=559"}],"version-history":[{"count":8,"href":"https:\/\/maisesporte.ufms.br\/en\/wp-json\/wp\/v2\/pages\/559\/revisions"}],"predecessor-version":[{"id":708,"href":"https:\/\/maisesporte.ufms.br\/en\/wp-json\/wp\/v2\/pages\/559\/revisions\/708"}],"wp:attachment":[{"href":"https:\/\/maisesporte.ufms.br\/en\/wp-json\/wp\/v2\/media?parent=559"}],"wp:term":[{"taxonomy":"author","embeddable":true,"href":"https:\/\/maisesporte.ufms.br\/en\/wp-json\/wp\/v2\/coauthors?post=559"}],"curies":[{"name":"wp","href":"https:\/\/api.w.org\/{rel}","templated":true}]}}