{"id":635,"date":"2023-05-22T08:11:38","date_gmt":"2023-05-22T12:11:38","guid":{"rendered":"https:\/\/maisesporte.ufms.br\/?page_id=635"},"modified":"2023-05-22T08:11:38","modified_gmt":"2023-05-22T12:11:38","slug":"2023-sme-23-05-presenca-festival-de-ginastica-da-ufms","status":"publish","type":"page","link":"https:\/\/maisesporte.ufms.br\/en\/2023-sme-23-05-presenca-festival-de-ginastica-da-ufms\/","title":{"rendered":"2023 SME &#8211; 23\/05 &#8211; Presen\u00e7a &#8211; Festival de Gin\u00e1stica da UFMS"},"content":{"rendered":"<p>Formul\u00e1rio encerrado.<\/p>\n","protected":false},"excerpt":{"rendered":"","protected":false},"author":41066,"featured_media":0,"parent":0,"menu_order":0,"comment_status":"closed","ping_status":"closed","template":"","meta":{"footnotes":""},"coauthors":[],"class_list":["post-635","page","type-page","status-publish","hentry"],"_links":{"self":[{"href":"https:\/\/maisesporte.ufms.br\/en\/wp-json\/wp\/v2\/pages\/635","targetHints":{"allow":["GET"]}}],"collection":[{"href":"https:\/\/maisesporte.ufms.br\/en\/wp-json\/wp\/v2\/pages"}],"about":[{"href":"https:\/\/maisesporte.ufms.br\/en\/wp-json\/wp\/v2\/types\/page"}],"author":[{"embeddable":true,"href":"https:\/\/maisesporte.ufms.br\/en\/wp-json\/wp\/v2\/users\/41066"}],"replies":[{"embeddable":true,"href":"https:\/\/maisesporte.ufms.br\/en\/wp-json\/wp\/v2\/comments?post=635"}],"version-history":[{"count":1,"href":"https:\/\/maisesporte.ufms.br\/en\/wp-json\/wp\/v2\/pages\/635\/revisions"}],"predecessor-version":[{"id":636,"href":"https:\/\/maisesporte.ufms.br\/en\/wp-json\/wp\/v2\/pages\/635\/revisions\/636"}],"wp:attachment":[{"href":"https:\/\/maisesporte.ufms.br\/en\/wp-json\/wp\/v2\/media?parent=635"}],"wp:term":[{"taxonomy":"author","embeddable":true,"href":"https:\/\/maisesporte.ufms.br\/en\/wp-json\/wp\/v2\/coauthors?post=635"}],"curies":[{"name":"wp","href":"https:\/\/api.w.org\/{rel}","templated":true}]}}