{"id":637,"date":"2023-05-22T08:13:27","date_gmt":"2023-05-22T12:13:27","guid":{"rendered":"https:\/\/maisesporte.ufms.br\/?page_id=637"},"modified":"2023-05-22T08:13:27","modified_gmt":"2023-05-22T12:13:27","slug":"2023-sme-23-05-presenca-palestra-federacao-internacional-de-educacao-fisica-e-esportiva-e-suas-acoes-8-10h","status":"publish","type":"page","link":"https:\/\/maisesporte.ufms.br\/en\/2023-sme-23-05-presenca-palestra-federacao-internacional-de-educacao-fisica-e-esportiva-e-suas-acoes-8-10h\/","title":{"rendered":"2023 SME &#8211; 23\/05 &#8211; Presen\u00e7a &#8211; Palestra: Federa\u00e7\u00e3o Internacional de Educa\u00e7\u00e3o F\u00edsica e Esportiva e suas a\u00e7\u00f5es 8 &#8211; 10h"},"content":{"rendered":"<p>Formul\u00e1rio encerrado.<\/p>\n","protected":false},"excerpt":{"rendered":"","protected":false},"author":41066,"featured_media":0,"parent":0,"menu_order":0,"comment_status":"closed","ping_status":"closed","template":"","meta":{"footnotes":""},"coauthors":[],"class_list":["post-637","page","type-page","status-publish","hentry"],"_links":{"self":[{"href":"https:\/\/maisesporte.ufms.br\/en\/wp-json\/wp\/v2\/pages\/637","targetHints":{"allow":["GET"]}}],"collection":[{"href":"https:\/\/maisesporte.ufms.br\/en\/wp-json\/wp\/v2\/pages"}],"about":[{"href":"https:\/\/maisesporte.ufms.br\/en\/wp-json\/wp\/v2\/types\/page"}],"author":[{"embeddable":true,"href":"https:\/\/maisesporte.ufms.br\/en\/wp-json\/wp\/v2\/users\/41066"}],"replies":[{"embeddable":true,"href":"https:\/\/maisesporte.ufms.br\/en\/wp-json\/wp\/v2\/comments?post=637"}],"version-history":[{"count":2,"href":"https:\/\/maisesporte.ufms.br\/en\/wp-json\/wp\/v2\/pages\/637\/revisions"}],"predecessor-version":[{"id":639,"href":"https:\/\/maisesporte.ufms.br\/en\/wp-json\/wp\/v2\/pages\/637\/revisions\/639"}],"wp:attachment":[{"href":"https:\/\/maisesporte.ufms.br\/en\/wp-json\/wp\/v2\/media?parent=637"}],"wp:term":[{"taxonomy":"author","embeddable":true,"href":"https:\/\/maisesporte.ufms.br\/en\/wp-json\/wp\/v2\/coauthors?post=637"}],"curies":[{"name":"wp","href":"https:\/\/api.w.org\/{rel}","templated":true}]}}