{"id":658,"date":"2023-05-22T09:56:39","date_gmt":"2023-05-22T13:56:39","guid":{"rendered":"https:\/\/maisesporte.ufms.br\/?page_id=658"},"modified":"2023-05-23T10:40:17","modified_gmt":"2023-05-23T14:40:17","slug":"programacao-online-mais-esporte-2023","status":"publish","type":"page","link":"https:\/\/maisesporte.ufms.br\/en\/programacao-online-mais-esporte-2023\/","title":{"rendered":"Programa\u00e7\u00e3o Online &#8211; Mais Esporte 2023"},"content":{"rendered":"\t\t<div data-elementor-type=\"wp-page\" data-elementor-id=\"658\" class=\"elementor elementor-658\">\n\t\t\t\t\t\t<section class=\"elementor-section elementor-top-section elementor-element elementor-element-a4f57da elementor-section-boxed elementor-section-height-default elementor-section-height-default wpr-particle-no wpr-jarallax-no wpr-parallax-no wpr-sticky-section-no\" data-id=\"a4f57da\" data-element_type=\"section\">\n\t\t\t\t\t\t<div class=\"elementor-container elementor-column-gap-default\">\n\t\t\t\t\t<div class=\"elementor-column elementor-col-100 elementor-top-column elementor-element elementor-element-4b4cfe0\" data-id=\"4b4cfe0\" data-element_type=\"column\">\n\t\t\t<div class=\"elementor-widget-wrap elementor-element-populated\">\n\t\t\t\t\t\t<div class=\"elementor-element elementor-element-c3e0429 elementor-widget elementor-widget-heading\" data-id=\"c3e0429\" data-element_type=\"widget\" data-widget_type=\"heading.default\">\n\t\t\t\t<div class=\"elementor-widget-container\">\n\t\t\t\t\t<h2 class=\"elementor-heading-title elementor-size-default\">Programa\u00e7\u00e3o das Atividades Online\n<\/h2>\t\t\t\t<\/div>\n\t\t\t\t<\/div>\n\t\t\t\t<div class=\"elementor-element elementor-element-d68b7ab elementor-widget elementor-widget-text-editor\" data-id=\"d68b7ab\" data-element_type=\"widget\" data-widget_type=\"text-editor.default\">\n\t\t\t\t<div class=\"elementor-widget-container\">\n\t\t\t\t\t\t\t\t\t<p>Confira a programa\u00e7\u00e3o com transmiss\u00e3o online da semana mais esporte, na listagem abaixo voc\u00ea consegue acompanhar todas as atividades e seus links de inscri\u00e7\u00f5es.\u00a0<\/p><p><strong>As Atividades que ser\u00e3o ministradas online pela plataforma do Zoom ou Google Meet.<\/strong><\/p>\t\t\t\t\t\t\t\t<\/div>\n\t\t\t\t<\/div>\n\t\t\t\t<div class=\"elementor-element elementor-element-629da33 elementor-widget elementor-widget-heading\" data-id=\"629da33\" data-element_type=\"widget\" data-widget_type=\"heading.default\">\n\t\t\t\t<div class=\"elementor-widget-container\">\n\t\t\t\t\t<h4 class=\"elementor-heading-title elementor-size-default\">Gin\u00e1stica Preventiva <\/h4>\t\t\t\t<\/div>\n\t\t\t\t<\/div>\n\t\t\t\t<div class=\"elementor-element elementor-element-22c654f elementor-widget elementor-widget-text-editor\" data-id=\"22c654f\" data-element_type=\"widget\" data-widget_type=\"text-editor.default\">\n\t\t\t\t<div class=\"elementor-widget-container\">\n\t\t\t\t\t\t\t\t\t<p>23\/05\/2023 (ter\u00e7a-feira) \u2013 Hor\u00e1rio 15h:<\/p><ul><li>Campus de Ponta Por\u00e3<\/li><\/ul><p>24\/05\/2023 (quarta-feira) \u2013 Hor\u00e1rio 9h:<\/p><ul><li>Campus de Aquidauana<\/li><li>Campus de Tr\u00eas Lagoas<\/li><\/ul><p>24\/05\/2023 (quarta-feira) \u2013 Hor\u00e1rio 15h:<\/p><ul><li>Campus do Pantanal<\/li><li>Campus de Parana\u00edba<\/li><li>Campus de Chapad\u00e3o do Sul<\/li><li>Campus de Coxim<\/li><li>Campus de Navira\u00ed<\/li><li>Campus de Nova Andradina<\/li><\/ul><p><strong>P\u00fablico Alvo: Servidores T\u00e9cnicos Administrativo, Docentes e Estudantes<\/strong><\/p><p>Dura\u00e7\u00e3o da atividade: 30 minutos<\/p><p>Link da Aula:\u00a0<a href=\"https:\/\/meet.google.com\/bnh-msko-vty\">https:\/\/meet.google.com\/bnh-msko-vty<\/a><\/p>\t\t\t\t\t\t\t\t<\/div>\n\t\t\t\t<\/div>\n\t\t\t\t\t<\/div>\n\t\t<\/div>\n\t\t\t\t\t<\/div>\n\t\t<\/section>\n\t\t\t\t<section class=\"elementor-section elementor-top-section elementor-element elementor-element-926a22a elementor-section-boxed elementor-section-height-default elementor-section-height-default wpr-particle-no wpr-jarallax-no wpr-parallax-no wpr-sticky-section-no\" data-id=\"926a22a\" data-element_type=\"section\">\n\t\t\t\t\t\t<div class=\"elementor-container elementor-column-gap-default\">\n\t\t\t\t\t<div class=\"elementor-column elementor-col-100 elementor-top-column elementor-element elementor-element-4eea485\" data-id=\"4eea485\" data-element_type=\"column\">\n\t\t\t<div class=\"elementor-widget-wrap elementor-element-populated\">\n\t\t\t\t\t\t<div class=\"elementor-element elementor-element-4322dd2 elementor-widget elementor-widget-shortcode\" data-id=\"4322dd2\" data-element_type=\"widget\" data-widget_type=\"shortcode.default\">\n\t\t\t\t<div class=\"elementor-widget-container\">\n\t\t\t\t\t\t\t<div class=\"elementor-shortcode\">[table id=10 \/]<\/div>\n\t\t\t\t\t\t<\/div>\n\t\t\t\t<\/div>\n\t\t\t\t\t<\/div>\n\t\t<\/div>\n\t\t\t\t\t<\/div>\n\t\t<\/section>\n\t\t\t\t<section class=\"elementor-section elementor-top-section elementor-element elementor-element-4dbd0bc elementor-section-boxed elementor-section-height-default elementor-section-height-default wpr-particle-no wpr-jarallax-no wpr-parallax-no wpr-sticky-section-no\" data-id=\"4dbd0bc\" data-element_type=\"section\">\n\t\t\t\t\t\t<div class=\"elementor-container elementor-column-gap-default\">\n\t\t\t\t\t<div class=\"elementor-column elementor-col-100 elementor-top-column elementor-element elementor-element-1196ecc\" data-id=\"1196ecc\" data-element_type=\"column\">\n\t\t\t<div class=\"elementor-widget-wrap\">\n\t\t\t\t\t\t\t<\/div>\n\t\t<\/div>\n\t\t\t\t\t<\/div>\n\t\t<\/section>\n\t\t\t\t<\/div>\n\t\t","protected":false},"excerpt":{"rendered":"<p>Programa\u00e7\u00e3o das Atividades Online Confira a programa\u00e7\u00e3o com transmiss\u00e3o online da semana mais esporte, na listagem abaixo voc\u00ea consegue acompanhar todas as atividades e seus links de inscri\u00e7\u00f5es.\u00a0 As Atividades que ser\u00e3o ministradas online pela plataforma do Zoom ou Google Meet. Gin\u00e1stica Preventiva 23\/05\/2023 (ter\u00e7a-feira) \u2013 Hor\u00e1rio 15h: Campus de Ponta Por\u00e3 24\/05\/2023 (quarta-feira) \u2013 Hor\u00e1rio 9h: Campus de Aquidauana Campus de Tr\u00eas Lagoas 24\/05\/2023 (quarta-feira) \u2013 Hor\u00e1rio 15h: Campus do Pantanal Campus de Parana\u00edba Campus de Chapad\u00e3o do Sul Campus de Coxim Campus de Navira\u00ed Campus de Nova Andradina P\u00fablico Alvo: Servidores T\u00e9cnicos Administrativo, Docentes e Estudantes Dura\u00e7\u00e3o da atividade: 30 minutos Link da Aula:\u00a0https:\/\/meet.google.com\/bnh-msko-vty<\/p>\n","protected":false},"author":41629,"featured_media":0,"parent":0,"menu_order":0,"comment_status":"closed","ping_status":"closed","template":"elementor_header_footer","meta":{"footnotes":""},"coauthors":[],"class_list":["post-658","page","type-page","status-publish","hentry"],"_links":{"self":[{"href":"https:\/\/maisesporte.ufms.br\/en\/wp-json\/wp\/v2\/pages\/658","targetHints":{"allow":["GET"]}}],"collection":[{"href":"https:\/\/maisesporte.ufms.br\/en\/wp-json\/wp\/v2\/pages"}],"about":[{"href":"https:\/\/maisesporte.ufms.br\/en\/wp-json\/wp\/v2\/types\/page"}],"author":[{"embeddable":true,"href":"https:\/\/maisesporte.ufms.br\/en\/wp-json\/wp\/v2\/users\/41629"}],"replies":[{"embeddable":true,"href":"https:\/\/maisesporte.ufms.br\/en\/wp-json\/wp\/v2\/comments?post=658"}],"version-history":[{"count":16,"href":"https:\/\/maisesporte.ufms.br\/en\/wp-json\/wp\/v2\/pages\/658\/revisions"}],"predecessor-version":[{"id":795,"href":"https:\/\/maisesporte.ufms.br\/en\/wp-json\/wp\/v2\/pages\/658\/revisions\/795"}],"wp:attachment":[{"href":"https:\/\/maisesporte.ufms.br\/en\/wp-json\/wp\/v2\/media?parent=658"}],"wp:term":[{"taxonomy":"author","embeddable":true,"href":"https:\/\/maisesporte.ufms.br\/en\/wp-json\/wp\/v2\/coauthors?post=658"}],"curies":[{"name":"wp","href":"https:\/\/api.w.org\/{rel}","templated":true}]}}