{"id":734,"date":"2023-05-23T08:24:32","date_gmt":"2023-05-23T12:24:32","guid":{"rendered":"https:\/\/maisesporte.ufms.br\/?page_id=734"},"modified":"2023-05-23T08:24:32","modified_gmt":"2023-05-23T12:24:32","slug":"2023-sme-24-05-presenca-palestra-duracao-do-sono-e-atividade-fisica-relacoes-e-possibilidades-de-intervencao","status":"publish","type":"page","link":"https:\/\/maisesporte.ufms.br\/en\/2023-sme-24-05-presenca-palestra-duracao-do-sono-e-atividade-fisica-relacoes-e-possibilidades-de-intervencao\/","title":{"rendered":"2023 SME &#8211; 24\/05 &#8211; Presen\u00e7a &#8211; Palestra: Dura\u00e7\u00e3o do sono e atividade f\u00edsica: rela\u00e7\u00f5es e possibilidades de interven\u00e7\u00e3o"},"content":{"rendered":"\n","protected":false},"excerpt":{"rendered":"","protected":false},"author":41066,"featured_media":0,"parent":0,"menu_order":0,"comment_status":"closed","ping_status":"closed","template":"","meta":{"footnotes":""},"coauthors":[],"class_list":["post-734","page","type-page","status-publish","hentry"],"_links":{"self":[{"href":"https:\/\/maisesporte.ufms.br\/en\/wp-json\/wp\/v2\/pages\/734","targetHints":{"allow":["GET"]}}],"collection":[{"href":"https:\/\/maisesporte.ufms.br\/en\/wp-json\/wp\/v2\/pages"}],"about":[{"href":"https:\/\/maisesporte.ufms.br\/en\/wp-json\/wp\/v2\/types\/page"}],"author":[{"embeddable":true,"href":"https:\/\/maisesporte.ufms.br\/en\/wp-json\/wp\/v2\/users\/41066"}],"replies":[{"embeddable":true,"href":"https:\/\/maisesporte.ufms.br\/en\/wp-json\/wp\/v2\/comments?post=734"}],"version-history":[{"count":1,"href":"https:\/\/maisesporte.ufms.br\/en\/wp-json\/wp\/v2\/pages\/734\/revisions"}],"predecessor-version":[{"id":735,"href":"https:\/\/maisesporte.ufms.br\/en\/wp-json\/wp\/v2\/pages\/734\/revisions\/735"}],"wp:attachment":[{"href":"https:\/\/maisesporte.ufms.br\/en\/wp-json\/wp\/v2\/media?parent=734"}],"wp:term":[{"taxonomy":"author","embeddable":true,"href":"https:\/\/maisesporte.ufms.br\/en\/wp-json\/wp\/v2\/coauthors?post=734"}],"curies":[{"name":"wp","href":"https:\/\/api.w.org\/{rel}","templated":true}]}}