{"id":749,"date":"2023-05-23T08:32:45","date_gmt":"2023-05-23T12:32:45","guid":{"rendered":"https:\/\/maisesporte.ufms.br\/?page_id=749"},"modified":"2023-05-23T08:32:45","modified_gmt":"2023-05-23T12:32:45","slug":"2023-sme-24-05-presenca-oficina-parte-ii-esporte-nautico-canoagem-continuacaoparte-i","status":"publish","type":"page","link":"https:\/\/maisesporte.ufms.br\/en\/2023-sme-24-05-presenca-oficina-parte-ii-esporte-nautico-canoagem-continuacaoparte-i\/","title":{"rendered":"2023 SME &#8211; 24\/05 &#8211; Presen\u00e7a &#8211; Oficina Parte II: Esporte n\u00e1utico &#8211; Canoagem &#8211; Continua\u00e7\u00e3o(Parte I)"},"content":{"rendered":"\n","protected":false},"excerpt":{"rendered":"","protected":false},"author":41066,"featured_media":0,"parent":0,"menu_order":0,"comment_status":"closed","ping_status":"closed","template":"","meta":{"footnotes":""},"coauthors":[],"class_list":["post-749","page","type-page","status-publish","hentry"],"_links":{"self":[{"href":"https:\/\/maisesporte.ufms.br\/en\/wp-json\/wp\/v2\/pages\/749","targetHints":{"allow":["GET"]}}],"collection":[{"href":"https:\/\/maisesporte.ufms.br\/en\/wp-json\/wp\/v2\/pages"}],"about":[{"href":"https:\/\/maisesporte.ufms.br\/en\/wp-json\/wp\/v2\/types\/page"}],"author":[{"embeddable":true,"href":"https:\/\/maisesporte.ufms.br\/en\/wp-json\/wp\/v2\/users\/41066"}],"replies":[{"embeddable":true,"href":"https:\/\/maisesporte.ufms.br\/en\/wp-json\/wp\/v2\/comments?post=749"}],"version-history":[{"count":1,"href":"https:\/\/maisesporte.ufms.br\/en\/wp-json\/wp\/v2\/pages\/749\/revisions"}],"predecessor-version":[{"id":750,"href":"https:\/\/maisesporte.ufms.br\/en\/wp-json\/wp\/v2\/pages\/749\/revisions\/750"}],"wp:attachment":[{"href":"https:\/\/maisesporte.ufms.br\/en\/wp-json\/wp\/v2\/media?parent=749"}],"wp:term":[{"taxonomy":"author","embeddable":true,"href":"https:\/\/maisesporte.ufms.br\/en\/wp-json\/wp\/v2\/coauthors?post=749"}],"curies":[{"name":"wp","href":"https:\/\/api.w.org\/{rel}","templated":true}]}}