{"id":809,"date":"2023-05-24T09:14:28","date_gmt":"2023-05-24T13:14:28","guid":{"rendered":"https:\/\/maisesporte.ufms.br\/?page_id=809"},"modified":"2023-05-24T09:14:28","modified_gmt":"2023-05-24T13:14:28","slug":"2023-sme-25-05-presenca-sala-2-apresentacoes-dos-trabalhos-aprovados-ii-simposio-de-atividade-fisica-da-regiao-centro-oeste","status":"publish","type":"page","link":"https:\/\/maisesporte.ufms.br\/en\/2023-sme-25-05-presenca-sala-2-apresentacoes-dos-trabalhos-aprovados-ii-simposio-de-atividade-fisica-da-regiao-centro-oeste\/","title":{"rendered":"2023 SME &#8211; 25\/05 &#8211; Presen\u00e7a &#8211; SALA 2 &#8211; Apresenta\u00e7\u00f5es dos trabalhos aprovados II Simp\u00f3sio de Atividade F\u00edsica da regi\u00e3o centro-oeste"},"content":{"rendered":"<p>Formul\u00e1rio encerrado.<\/p>\n","protected":false},"excerpt":{"rendered":"","protected":false},"author":41066,"featured_media":0,"parent":0,"menu_order":0,"comment_status":"closed","ping_status":"closed","template":"","meta":{"footnotes":""},"coauthors":[],"class_list":["post-809","page","type-page","status-publish","hentry"],"_links":{"self":[{"href":"https:\/\/maisesporte.ufms.br\/en\/wp-json\/wp\/v2\/pages\/809","targetHints":{"allow":["GET"]}}],"collection":[{"href":"https:\/\/maisesporte.ufms.br\/en\/wp-json\/wp\/v2\/pages"}],"about":[{"href":"https:\/\/maisesporte.ufms.br\/en\/wp-json\/wp\/v2\/types\/page"}],"author":[{"embeddable":true,"href":"https:\/\/maisesporte.ufms.br\/en\/wp-json\/wp\/v2\/users\/41066"}],"replies":[{"embeddable":true,"href":"https:\/\/maisesporte.ufms.br\/en\/wp-json\/wp\/v2\/comments?post=809"}],"version-history":[{"count":1,"href":"https:\/\/maisesporte.ufms.br\/en\/wp-json\/wp\/v2\/pages\/809\/revisions"}],"predecessor-version":[{"id":810,"href":"https:\/\/maisesporte.ufms.br\/en\/wp-json\/wp\/v2\/pages\/809\/revisions\/810"}],"wp:attachment":[{"href":"https:\/\/maisesporte.ufms.br\/en\/wp-json\/wp\/v2\/media?parent=809"}],"wp:term":[{"taxonomy":"author","embeddable":true,"href":"https:\/\/maisesporte.ufms.br\/en\/wp-json\/wp\/v2\/coauthors?post=809"}],"curies":[{"name":"wp","href":"https:\/\/api.w.org\/{rel}","templated":true}]}}