{"id":814,"date":"2023-05-24T09:16:50","date_gmt":"2023-05-24T13:16:50","guid":{"rendered":"https:\/\/maisesporte.ufms.br\/?page_id=814"},"modified":"2023-05-24T09:16:50","modified_gmt":"2023-05-24T13:16:50","slug":"2023-sme-25-05-presenca-treinamento-funcional-para-a-saude-de-servidores-da-cidade-universitaria-ufms","status":"publish","type":"page","link":"https:\/\/maisesporte.ufms.br\/en\/2023-sme-25-05-presenca-treinamento-funcional-para-a-saude-de-servidores-da-cidade-universitaria-ufms\/","title":{"rendered":"2023 SME &#8211; 25\/05 &#8211; Presen\u00e7a &#8211; Treinamento funcional para a sa\u00fade de servidores da Cidade Universit\u00e1ria\/UFMS"},"content":{"rendered":"<p>Formul\u00e1rio encerrado.<\/p>\n","protected":false},"excerpt":{"rendered":"","protected":false},"author":41066,"featured_media":0,"parent":0,"menu_order":0,"comment_status":"closed","ping_status":"closed","template":"","meta":{"footnotes":""},"coauthors":[],"class_list":["post-814","page","type-page","status-publish","hentry"],"_links":{"self":[{"href":"https:\/\/maisesporte.ufms.br\/en\/wp-json\/wp\/v2\/pages\/814","targetHints":{"allow":["GET"]}}],"collection":[{"href":"https:\/\/maisesporte.ufms.br\/en\/wp-json\/wp\/v2\/pages"}],"about":[{"href":"https:\/\/maisesporte.ufms.br\/en\/wp-json\/wp\/v2\/types\/page"}],"author":[{"embeddable":true,"href":"https:\/\/maisesporte.ufms.br\/en\/wp-json\/wp\/v2\/users\/41066"}],"replies":[{"embeddable":true,"href":"https:\/\/maisesporte.ufms.br\/en\/wp-json\/wp\/v2\/comments?post=814"}],"version-history":[{"count":1,"href":"https:\/\/maisesporte.ufms.br\/en\/wp-json\/wp\/v2\/pages\/814\/revisions"}],"predecessor-version":[{"id":815,"href":"https:\/\/maisesporte.ufms.br\/en\/wp-json\/wp\/v2\/pages\/814\/revisions\/815"}],"wp:attachment":[{"href":"https:\/\/maisesporte.ufms.br\/en\/wp-json\/wp\/v2\/media?parent=814"}],"wp:term":[{"taxonomy":"author","embeddable":true,"href":"https:\/\/maisesporte.ufms.br\/en\/wp-json\/wp\/v2\/coauthors?post=814"}],"curies":[{"name":"wp","href":"https:\/\/api.w.org\/{rel}","templated":true}]}}