{"id":850,"date":"2023-05-24T09:57:57","date_gmt":"2023-05-24T13:57:57","guid":{"rendered":"https:\/\/maisesporte.ufms.br\/?page_id=850"},"modified":"2023-05-24T09:57:57","modified_gmt":"2023-05-24T13:57:57","slug":"2023-sme-25-05-presenca-bate-papo-entre-jovens-cientistas-e-pesquisadores-do-centro-oeste-perspectiva-de-futuro-na-area-21","status":"publish","type":"page","link":"https:\/\/maisesporte.ufms.br\/en\/2023-sme-25-05-presenca-bate-papo-entre-jovens-cientistas-e-pesquisadores-do-centro-oeste-perspectiva-de-futuro-na-area-21\/","title":{"rendered":"2023 SME &#8211; 25\/05 &#8211; Presen\u00e7a &#8211; Bate Papo entre jovens cientistas e pesquisadores do centro-oeste: perspectiva de futuro na \u00e1rea 21"},"content":{"rendered":"<p>Formul\u00e1rio encerrado.<\/p>\n","protected":false},"excerpt":{"rendered":"","protected":false},"author":41066,"featured_media":0,"parent":0,"menu_order":0,"comment_status":"closed","ping_status":"closed","template":"","meta":{"footnotes":""},"coauthors":[],"class_list":["post-850","page","type-page","status-publish","hentry"],"_links":{"self":[{"href":"https:\/\/maisesporte.ufms.br\/en\/wp-json\/wp\/v2\/pages\/850","targetHints":{"allow":["GET"]}}],"collection":[{"href":"https:\/\/maisesporte.ufms.br\/en\/wp-json\/wp\/v2\/pages"}],"about":[{"href":"https:\/\/maisesporte.ufms.br\/en\/wp-json\/wp\/v2\/types\/page"}],"author":[{"embeddable":true,"href":"https:\/\/maisesporte.ufms.br\/en\/wp-json\/wp\/v2\/users\/41066"}],"replies":[{"embeddable":true,"href":"https:\/\/maisesporte.ufms.br\/en\/wp-json\/wp\/v2\/comments?post=850"}],"version-history":[{"count":1,"href":"https:\/\/maisesporte.ufms.br\/en\/wp-json\/wp\/v2\/pages\/850\/revisions"}],"predecessor-version":[{"id":851,"href":"https:\/\/maisesporte.ufms.br\/en\/wp-json\/wp\/v2\/pages\/850\/revisions\/851"}],"wp:attachment":[{"href":"https:\/\/maisesporte.ufms.br\/en\/wp-json\/wp\/v2\/media?parent=850"}],"wp:term":[{"taxonomy":"author","embeddable":true,"href":"https:\/\/maisesporte.ufms.br\/en\/wp-json\/wp\/v2\/coauthors?post=850"}],"curies":[{"name":"wp","href":"https:\/\/api.w.org\/{rel}","templated":true}]}}