{"id":888,"date":"2023-05-24T10:30:21","date_gmt":"2023-05-24T14:30:21","guid":{"rendered":"https:\/\/maisesporte.ufms.br\/?page_id=888"},"modified":"2023-05-24T10:30:21","modified_gmt":"2023-05-24T14:30:21","slug":"2023-sme-26-05-presenca-meeting-com-as-associacoes-atleticas-academicas-dos-campus-da-ufms-laufms-historia-e-organizacao-da-maior-liga-do-estado","status":"publish","type":"page","link":"https:\/\/maisesporte.ufms.br\/en\/2023-sme-26-05-presenca-meeting-com-as-associacoes-atleticas-academicas-dos-campus-da-ufms-laufms-historia-e-organizacao-da-maior-liga-do-estado\/","title":{"rendered":"2023 SME &#8211; 26\/05 &#8211; Presen\u00e7a &#8211; &#8220;Meeting com as Associa\u00e7\u00f5es Atl\u00e9ticas Acad\u00eamicas dos C\u00e2mpus da UFMS LAUFMS: hist\u00f3ria e organiza\u00e7\u00e3o da maior Liga do estado&#8221;"},"content":{"rendered":"<p>Formul\u00e1rio encerrado.<\/p>\n","protected":false},"excerpt":{"rendered":"","protected":false},"author":41066,"featured_media":0,"parent":0,"menu_order":0,"comment_status":"closed","ping_status":"closed","template":"","meta":{"footnotes":""},"coauthors":[],"class_list":["post-888","page","type-page","status-publish","hentry"],"_links":{"self":[{"href":"https:\/\/maisesporte.ufms.br\/en\/wp-json\/wp\/v2\/pages\/888","targetHints":{"allow":["GET"]}}],"collection":[{"href":"https:\/\/maisesporte.ufms.br\/en\/wp-json\/wp\/v2\/pages"}],"about":[{"href":"https:\/\/maisesporte.ufms.br\/en\/wp-json\/wp\/v2\/types\/page"}],"author":[{"embeddable":true,"href":"https:\/\/maisesporte.ufms.br\/en\/wp-json\/wp\/v2\/users\/41066"}],"replies":[{"embeddable":true,"href":"https:\/\/maisesporte.ufms.br\/en\/wp-json\/wp\/v2\/comments?post=888"}],"version-history":[{"count":1,"href":"https:\/\/maisesporte.ufms.br\/en\/wp-json\/wp\/v2\/pages\/888\/revisions"}],"predecessor-version":[{"id":889,"href":"https:\/\/maisesporte.ufms.br\/en\/wp-json\/wp\/v2\/pages\/888\/revisions\/889"}],"wp:attachment":[{"href":"https:\/\/maisesporte.ufms.br\/en\/wp-json\/wp\/v2\/media?parent=888"}],"wp:term":[{"taxonomy":"author","embeddable":true,"href":"https:\/\/maisesporte.ufms.br\/en\/wp-json\/wp\/v2\/coauthors?post=888"}],"curies":[{"name":"wp","href":"https:\/\/api.w.org\/{rel}","templated":true}]}}