{"id":934,"date":"2023-05-25T13:54:27","date_gmt":"2023-05-25T17:54:27","guid":{"rendered":"https:\/\/maisesporte.ufms.br\/?page_id=934"},"modified":"2023-05-25T13:54:27","modified_gmt":"2023-05-25T17:54:27","slug":"2023-sme-27-05-presenca-torneio-de-volei-de-praia-ufms","status":"publish","type":"page","link":"https:\/\/maisesporte.ufms.br\/en\/2023-sme-27-05-presenca-torneio-de-volei-de-praia-ufms\/","title":{"rendered":"2023 SME &#8211; 27\/05 &#8211; Presen\u00e7a &#8211; Torneio de V\u00f4lei de Praia UFMS"},"content":{"rendered":"<p>Formul\u00e1rio encerrado.<\/p>\n","protected":false},"excerpt":{"rendered":"","protected":false},"author":41066,"featured_media":0,"parent":0,"menu_order":0,"comment_status":"closed","ping_status":"closed","template":"","meta":{"footnotes":""},"coauthors":[],"class_list":["post-934","page","type-page","status-publish","hentry"],"_links":{"self":[{"href":"https:\/\/maisesporte.ufms.br\/en\/wp-json\/wp\/v2\/pages\/934","targetHints":{"allow":["GET"]}}],"collection":[{"href":"https:\/\/maisesporte.ufms.br\/en\/wp-json\/wp\/v2\/pages"}],"about":[{"href":"https:\/\/maisesporte.ufms.br\/en\/wp-json\/wp\/v2\/types\/page"}],"author":[{"embeddable":true,"href":"https:\/\/maisesporte.ufms.br\/en\/wp-json\/wp\/v2\/users\/41066"}],"replies":[{"embeddable":true,"href":"https:\/\/maisesporte.ufms.br\/en\/wp-json\/wp\/v2\/comments?post=934"}],"version-history":[{"count":1,"href":"https:\/\/maisesporte.ufms.br\/en\/wp-json\/wp\/v2\/pages\/934\/revisions"}],"predecessor-version":[{"id":935,"href":"https:\/\/maisesporte.ufms.br\/en\/wp-json\/wp\/v2\/pages\/934\/revisions\/935"}],"wp:attachment":[{"href":"https:\/\/maisesporte.ufms.br\/en\/wp-json\/wp\/v2\/media?parent=934"}],"wp:term":[{"taxonomy":"author","embeddable":true,"href":"https:\/\/maisesporte.ufms.br\/en\/wp-json\/wp\/v2\/coauthors?post=934"}],"curies":[{"name":"wp","href":"https:\/\/api.w.org\/{rel}","templated":true}]}}